{"id":44,"date":"2010-02-19T21:24:33","date_gmt":"2010-02-19T21:24:33","guid":{"rendered":"http:\/\/yankeebravo.com.br\/?page_id=44"},"modified":"2020-04-12T20:41:17","modified_gmt":"2020-04-12T23:41:17","slug":"foto-do-laboratorio","status":"publish","type":"page","link":"https:\/\/py1yb.com\/?page_id=44","title":{"rendered":"LABORAT\u00d3RIO"},"content":{"rendered":"<p><img loading=\"lazy\" class=\"aligncenter size-full wp-image-737\" src=\"http:\/\/py1yb.com\/wp-content\/uploads\/2010\/03\/198.jpg\" alt=\"\" width=\"116\" height=\"45\" \/><\/p>\n<p>Alguns equipamentos foram acrescentados, em breve atualizaremos as fotos&#8230;<\/p>\n<p>Nossos equipamentos s\u00e3o:<\/p>\n<p>Acoplador de antenas, nele est\u00e3o ligadas 3 antenas de HF para os testes finais com os equipamentos<\/p>\n<p><a href=\"http:\/\/py1yb.com\/wp-content\/uploads\/2010\/02\/13.jpg\"><img loading=\"lazy\" class=\"aligncenter size-full wp-image-390\" title=\"1\" src=\"http:\/\/py1yb.com\/wp-content\/uploads\/2010\/02\/13.jpg\" alt=\"\" width=\"116\" height=\"45\" \/><\/a><\/p>\n<p><a href=\"http:\/\/py1yb.com\/wp-content\/uploads\/2010\/02\/102-004.jpg\"><img loading=\"lazy\" class=\"aligncenter size-medium wp-image-45\" title=\"102 004\" src=\"http:\/\/yankeebravo.com.br\/wp-content\/uploads\/2010\/02\/102-004-300x225.jpg\" alt=\"\" width=\"300\" height=\"225\" srcset=\"https:\/\/py1yb.com\/wp-content\/uploads\/2010\/02\/102-004-300x225.jpg 300w, https:\/\/py1yb.com\/wp-content\/uploads\/2010\/02\/102-004.jpg 640w\" sizes=\"(max-width: 300px) 100vw, 300px\" \/><\/a><\/p>\n<p><a href=\"http:\/\/py1yb.com\/wp-content\/uploads\/2010\/02\/16.jpg\"><img loading=\"lazy\" class=\"aligncenter size-full wp-image-391\" title=\"1\" src=\"http:\/\/py1yb.com\/wp-content\/uploads\/2010\/02\/16.jpg\" alt=\"\" width=\"116\" height=\"45\" \/><\/a><\/p>\n<p>3 Monitores de servi\u00e7o IFR, instrumento que disp\u00f5e de v\u00e1rios equipamentos num s\u00f3. Wattimetro, frequenc\u00edmetro, oscilosc\u00f3pio, analisador de espectro, gerador de sinais, medidor de modula\u00e7\u00e3o, gerador de tons, medidor de distor\u00e7\u00e3o e outros.<\/p>\n<p><a href=\"http:\/\/py1yb.com\/wp-content\/uploads\/2010\/02\/17.jpg\"><img loading=\"lazy\" class=\"aligncenter size-full wp-image-392\" title=\"1\" src=\"http:\/\/py1yb.com\/wp-content\/uploads\/2010\/02\/17.jpg\" alt=\"\" width=\"116\" height=\"45\" \/><\/a><\/p>\n<p><a href=\"http:\/\/py1yb.com\/wp-content\/uploads\/2010\/02\/IFR-Service-Monitor.jpg\"><img loading=\"lazy\" class=\"aligncenter size-medium wp-image-46\" title=\"IFR Service Monitor\" src=\"http:\/\/yankeebravo.com.br\/wp-content\/uploads\/2010\/02\/IFR-Service-Monitor-300x225.jpg\" alt=\"\" width=\"300\" height=\"225\" srcset=\"https:\/\/py1yb.com\/wp-content\/uploads\/2010\/02\/IFR-Service-Monitor-300x225.jpg 300w, https:\/\/py1yb.com\/wp-content\/uploads\/2010\/02\/IFR-Service-Monitor.jpg 640w\" sizes=\"(max-width: 300px) 100vw, 300px\" \/><\/a><\/p>\n<p><a href=\"http:\/\/py1yb.com\/wp-content\/uploads\/2010\/02\/18.jpg\"><img loading=\"lazy\" class=\"aligncenter size-full wp-image-393\" title=\"1\" src=\"http:\/\/py1yb.com\/wp-content\/uploads\/2010\/02\/18.jpg\" alt=\"\" width=\"116\" height=\"45\" \/><\/a><\/p>\n<p><img loading=\"lazy\" class=\"aligncenter size-medium wp-image-2254\" src=\"http:\/\/py1yb.com\/wp-content\/uploads\/2020\/04\/ifr500-300x225.jpg\" alt=\"\" width=\"300\" height=\"225\" srcset=\"https:\/\/py1yb.com\/wp-content\/uploads\/2020\/04\/ifr500-300x225.jpg 300w, https:\/\/py1yb.com\/wp-content\/uploads\/2020\/04\/ifr500-768x576.jpg 768w, https:\/\/py1yb.com\/wp-content\/uploads\/2020\/04\/ifr500-1024x768.jpg 1024w\" sizes=\"(max-width: 300px) 100vw, 300px\" \/><\/p>\n<p><img loading=\"lazy\" class=\"aligncenter size-full wp-image-737\" src=\"http:\/\/py1yb.com\/wp-content\/uploads\/2010\/03\/198.jpg\" alt=\"\" width=\"116\" height=\"45\" \/><\/p>\n<p>Oscilosc\u00f3pio Tektronix de 100 Mhz. excelente na medi\u00e7\u00e3o e visualiza\u00e7\u00e3o de sinais. Instrumento muito \u00fatil durante os reparos.<\/p>\n<p><a href=\"http:\/\/py1yb.com\/wp-content\/uploads\/2010\/02\/19.jpg\"><img loading=\"lazy\" class=\"aligncenter size-full wp-image-395\" title=\"1\" src=\"http:\/\/py1yb.com\/wp-content\/uploads\/2010\/02\/19.jpg\" alt=\"\" width=\"116\" height=\"45\" \/><\/a><\/p>\n<p><a href=\"http:\/\/py1yb.com\/wp-content\/uploads\/2010\/02\/12.jpg\"><img loading=\"lazy\" class=\"aligncenter size-medium wp-image-47\" title=\"12\" src=\"http:\/\/yankeebravo.com.br\/wp-content\/uploads\/2010\/02\/12-300x225.jpg\" alt=\"\" width=\"300\" height=\"225\" srcset=\"https:\/\/py1yb.com\/wp-content\/uploads\/2010\/02\/12-300x225.jpg 300w, https:\/\/py1yb.com\/wp-content\/uploads\/2010\/02\/12.jpg 640w\" sizes=\"(max-width: 300px) 100vw, 300px\" \/><\/a><\/p>\n<p><a href=\"http:\/\/py1yb.com\/wp-content\/uploads\/2010\/02\/110.jpg\"><img loading=\"lazy\" class=\"aligncenter size-full wp-image-396\" title=\"1\" src=\"http:\/\/py1yb.com\/wp-content\/uploads\/2010\/02\/110.jpg\" alt=\"\" width=\"116\" height=\"45\" \/><\/a><\/p>\n<p>Monitor de servi\u00e7o\u00a0Motorola, disp\u00f5e dos mesmos recursos do IFR<\/p>\n<p><a href=\"http:\/\/py1yb.com\/wp-content\/uploads\/2010\/02\/111.jpg\"><img loading=\"lazy\" class=\"aligncenter size-full wp-image-397\" title=\"1\" src=\"http:\/\/py1yb.com\/wp-content\/uploads\/2010\/02\/111.jpg\" alt=\"\" width=\"116\" height=\"45\" \/><\/a><\/p>\n<p><a href=\"http:\/\/py1yb.com\/wp-content\/uploads\/2010\/02\/11.jpg\"><img loading=\"lazy\" class=\"aligncenter size-medium wp-image-48\" title=\"11\" src=\"http:\/\/yankeebravo.com.br\/wp-content\/uploads\/2010\/02\/11-300x225.jpg\" alt=\"\" width=\"300\" height=\"225\" srcset=\"https:\/\/py1yb.com\/wp-content\/uploads\/2010\/02\/11-300x225.jpg 300w, https:\/\/py1yb.com\/wp-content\/uploads\/2010\/02\/11.jpg 640w\" sizes=\"(max-width: 300px) 100vw, 300px\" \/><\/a><\/p>\n<p><a href=\"http:\/\/py1yb.com\/wp-content\/uploads\/2010\/02\/112.jpg\"><img loading=\"lazy\" class=\"aligncenter size-full wp-image-398\" title=\"1\" src=\"http:\/\/py1yb.com\/wp-content\/uploads\/2010\/02\/112.jpg\" alt=\"\" width=\"116\" height=\"45\" \/><\/a><\/p>\n<p>Oscilosc\u00f3pio Iwatsu, mesma fun\u00e7\u00e3o do Tektronix<\/p>\n<p><a href=\"http:\/\/py1yb.com\/wp-content\/uploads\/2010\/02\/113.jpg\"><img loading=\"lazy\" class=\"aligncenter size-full wp-image-399\" title=\"1\" src=\"http:\/\/py1yb.com\/wp-content\/uploads\/2010\/02\/113.jpg\" alt=\"\" width=\"116\" height=\"45\" \/><\/a><\/p>\n<p><a href=\"http:\/\/py1yb.com\/wp-content\/uploads\/2010\/02\/10.jpg\"><img loading=\"lazy\" class=\"aligncenter size-medium wp-image-49\" title=\"10\" src=\"http:\/\/yankeebravo.com.br\/wp-content\/uploads\/2010\/02\/10-300x225.jpg\" alt=\"\" width=\"300\" height=\"225\" srcset=\"https:\/\/py1yb.com\/wp-content\/uploads\/2010\/02\/10-300x225.jpg 300w, https:\/\/py1yb.com\/wp-content\/uploads\/2010\/02\/10.jpg 640w\" sizes=\"(max-width: 300px) 100vw, 300px\" \/><\/a><\/p>\n<p><a href=\"http:\/\/py1yb.com\/wp-content\/uploads\/2010\/02\/114.jpg\"><img loading=\"lazy\" class=\"aligncenter size-full wp-image-400\" title=\"1\" src=\"http:\/\/py1yb.com\/wp-content\/uploads\/2010\/02\/114.jpg\" alt=\"\" width=\"116\" height=\"45\" \/><\/a><\/p>\n<p>Oscilosc\u00f3pio port\u00e1til Tektronix 422, duplo tra\u00e7o, 15 Mhz, muito vers\u00e1til..<\/p>\n<p><a href=\"http:\/\/py1yb.com\/wp-content\/uploads\/2010\/02\/TEK422.jpg\"><img loading=\"lazy\" class=\"aligncenter size-medium wp-image-1382\" title=\"TEK422\" src=\"http:\/\/py1yb.com\/wp-content\/uploads\/2010\/02\/TEK422-300x200.jpg\" alt=\"\" width=\"300\" height=\"200\" srcset=\"https:\/\/py1yb.com\/wp-content\/uploads\/2010\/02\/TEK422-300x200.jpg 300w, https:\/\/py1yb.com\/wp-content\/uploads\/2010\/02\/TEK422.jpg 1024w\" sizes=\"(max-width: 300px) 100vw, 300px\" \/><\/a><\/p>\n<p><img loading=\"lazy\" title=\"1\" src=\"http:\/\/py1yb.com\/wp-content\/uploads\/2010\/02\/114.jpg\" alt=\"\" width=\"116\" height=\"45\" \/><\/p>\n<p>Analisador de espectro RIGOL DSA-815TG<\/p>\n<p><img loading=\"lazy\" class=\"aligncenter size-medium wp-image-2268\" src=\"http:\/\/py1yb.com\/wp-content\/uploads\/2020\/04\/rigol-300x183.jpeg\" alt=\"\" width=\"300\" height=\"183\" srcset=\"https:\/\/py1yb.com\/wp-content\/uploads\/2020\/04\/rigol-300x183.jpeg 300w, https:\/\/py1yb.com\/wp-content\/uploads\/2020\/04\/rigol-768x469.jpeg 768w, https:\/\/py1yb.com\/wp-content\/uploads\/2020\/04\/rigol-1024x625.jpeg 1024w, https:\/\/py1yb.com\/wp-content\/uploads\/2020\/04\/rigol.jpeg 1232w\" sizes=\"(max-width: 300px) 100vw, 300px\" \/><\/p>\n<p><img loading=\"lazy\" class=\"aligncenter size-medium wp-image-2252\" src=\"http:\/\/py1yb.com\/wp-content\/uploads\/2020\/04\/rigol-300x225.jpg\" alt=\"\" width=\"300\" height=\"225\" srcset=\"https:\/\/py1yb.com\/wp-content\/uploads\/2020\/04\/rigol-300x225.jpg 300w, https:\/\/py1yb.com\/wp-content\/uploads\/2020\/04\/rigol-768x576.jpg 768w, https:\/\/py1yb.com\/wp-content\/uploads\/2020\/04\/rigol-1024x768.jpg 1024w\" sizes=\"(max-width: 300px) 100vw, 300px\" \/><\/p>\n<p><img loading=\"lazy\" title=\"1\" src=\"http:\/\/py1yb.com\/wp-content\/uploads\/2010\/02\/114.jpg\" alt=\"\" width=\"116\" height=\"45\" \/><\/p>\n<p>Milivoltimetro de RF Helper<\/p>\n<p><img loading=\"lazy\" class=\"aligncenter size-medium wp-image-2270\" src=\"http:\/\/py1yb.com\/wp-content\/uploads\/2020\/04\/helper-300x139.jpeg\" alt=\"\" width=\"300\" height=\"139\" srcset=\"https:\/\/py1yb.com\/wp-content\/uploads\/2020\/04\/helper-300x139.jpeg 300w, https:\/\/py1yb.com\/wp-content\/uploads\/2020\/04\/helper-768x355.jpeg 768w, https:\/\/py1yb.com\/wp-content\/uploads\/2020\/04\/helper-1024x474.jpeg 1024w, https:\/\/py1yb.com\/wp-content\/uploads\/2020\/04\/helper.jpeg 1172w\" sizes=\"(max-width: 300px) 100vw, 300px\" \/><\/p>\n<p><a href=\"http:\/\/py1yb.com\/wp-content\/uploads\/2010\/02\/116.jpg\"><img loading=\"lazy\" class=\"aligncenter size-full wp-image-402\" title=\"1\" src=\"http:\/\/py1yb.com\/wp-content\/uploads\/2010\/02\/116.jpg\" alt=\"\" width=\"116\" height=\"45\" \/><\/a><\/p>\n<p>Wat\u00edmetros e elementos BIRD de 1 a 5000 W para as frequ\u00eancias de 1 Mhz a 2.5 Ghz e cargas n\u00e3o irradiantes de 5 a 2500W<\/p>\n<p><a href=\"http:\/\/py1yb.com\/wp-content\/uploads\/2010\/02\/117.jpg\"><img loading=\"lazy\" class=\"aligncenter size-full wp-image-403\" title=\"1\" src=\"http:\/\/py1yb.com\/wp-content\/uploads\/2010\/02\/117.jpg\" alt=\"\" width=\"116\" height=\"45\" \/><\/a><\/p>\n<p><a href=\"http:\/\/py1yb.com\/wp-content\/uploads\/2010\/02\/14.jpg\"><img loading=\"lazy\" class=\"aligncenter size-medium wp-image-51\" title=\"14\" src=\"http:\/\/yankeebravo.com.br\/wp-content\/uploads\/2010\/02\/14-300x225.jpg\" alt=\"\" width=\"300\" height=\"225\" srcset=\"https:\/\/py1yb.com\/wp-content\/uploads\/2010\/02\/14-300x225.jpg 300w, https:\/\/py1yb.com\/wp-content\/uploads\/2010\/02\/14.jpg 640w\" sizes=\"(max-width: 300px) 100vw, 300px\" \/><\/a><\/p>\n<p><img loading=\"lazy\" class=\"aligncenter size-full wp-image-737\" src=\"http:\/\/py1yb.com\/wp-content\/uploads\/2010\/03\/198.jpg\" alt=\"\" width=\"116\" height=\"45\" \/><\/p>\n<p><a href=\"http:\/\/py1yb.com\/wp-content\/uploads\/2010\/02\/14.jpg\"><img loading=\"lazy\" class=\"aligncenter size-medium wp-image-2253\" src=\"http:\/\/py1yb.com\/wp-content\/uploads\/2020\/04\/birds-300x225.jpg\" alt=\"\" width=\"300\" height=\"225\" srcset=\"https:\/\/py1yb.com\/wp-content\/uploads\/2020\/04\/birds-300x225.jpg 300w, https:\/\/py1yb.com\/wp-content\/uploads\/2020\/04\/birds-768x576.jpg 768w, https:\/\/py1yb.com\/wp-content\/uploads\/2020\/04\/birds-1024x768.jpg 1024w\" sizes=\"(max-width: 300px) 100vw, 300px\" \/><\/a><\/p>\n<p><a href=\"http:\/\/py1yb.com\/wp-content\/uploads\/2010\/02\/118.jpg\"><img loading=\"lazy\" class=\"aligncenter size-full wp-image-404\" title=\"1\" src=\"http:\/\/py1yb.com\/wp-content\/uploads\/2010\/02\/118.jpg\" alt=\"\" width=\"116\" height=\"45\" \/><\/a><\/p>\n<p>Fonte ajust\u00e1vel de 0 a 15 V 35 A<\/p>\n<p><a href=\"http:\/\/py1yb.com\/wp-content\/uploads\/2010\/02\/119.jpg\"><img loading=\"lazy\" class=\"aligncenter size-full wp-image-405\" title=\"1\" src=\"http:\/\/py1yb.com\/wp-content\/uploads\/2010\/02\/119.jpg\" alt=\"\" width=\"116\" height=\"45\" \/><\/a><\/p>\n<p><a href=\"http:\/\/py1yb.com\/wp-content\/uploads\/2010\/02\/astron.jpg\"><img loading=\"lazy\" class=\"aligncenter size-medium wp-image-52\" title=\"astron\" src=\"http:\/\/yankeebravo.com.br\/wp-content\/uploads\/2010\/02\/astron-300x225.jpg\" alt=\"\" width=\"300\" height=\"225\" srcset=\"https:\/\/py1yb.com\/wp-content\/uploads\/2010\/02\/astron-300x225.jpg 300w, https:\/\/py1yb.com\/wp-content\/uploads\/2010\/02\/astron.jpg 1024w\" sizes=\"(max-width: 300px) 100vw, 300px\" \/><\/a><\/p>\n<p><a href=\"http:\/\/py1yb.com\/wp-content\/uploads\/2010\/02\/120.jpg\"><img loading=\"lazy\" class=\"aligncenter size-full wp-image-406\" title=\"1\" src=\"http:\/\/py1yb.com\/wp-content\/uploads\/2010\/02\/120.jpg\" alt=\"\" width=\"116\" height=\"45\" \/><\/a><\/p>\n<p>Esta\u00e7\u00e3o de solda para SMD e esta\u00e7\u00e3o dessoldadora a v\u00e1cuo<\/p>\n<p><a href=\"http:\/\/py1yb.com\/wp-content\/uploads\/2010\/02\/121.jpg\"><img loading=\"lazy\" class=\"aligncenter size-full wp-image-407\" title=\"1\" src=\"http:\/\/py1yb.com\/wp-content\/uploads\/2010\/02\/121.jpg\" alt=\"\" width=\"116\" height=\"45\" \/><\/a><\/p>\n<p><a href=\"http:\/\/py1yb.com\/wp-content\/uploads\/2010\/02\/solda.jpg\"><img loading=\"lazy\" class=\"aligncenter size-medium wp-image-53\" title=\"solda\" src=\"http:\/\/yankeebravo.com.br\/wp-content\/uploads\/2010\/02\/solda-300x225.jpg\" alt=\"\" width=\"300\" height=\"225\" srcset=\"https:\/\/py1yb.com\/wp-content\/uploads\/2010\/02\/solda-300x225.jpg 300w, https:\/\/py1yb.com\/wp-content\/uploads\/2010\/02\/solda.jpg 625w\" sizes=\"(max-width: 300px) 100vw, 300px\" \/><\/a><\/p>\n<p><a href=\"http:\/\/py1yb.com\/wp-content\/uploads\/2010\/02\/122.jpg\"><img loading=\"lazy\" class=\"aligncenter size-full wp-image-408\" title=\"1\" src=\"http:\/\/py1yb.com\/wp-content\/uploads\/2010\/02\/122.jpg\" alt=\"\" width=\"116\" height=\"45\" \/><\/a><\/p>\n<p><a href=\"http:\/\/py1yb.com\/wp-content\/uploads\/2010\/02\/desoldering-tool.jpg\"><img loading=\"lazy\" class=\"aligncenter size-medium wp-image-54\" title=\"desoldering tool\" src=\"http:\/\/yankeebravo.com.br\/wp-content\/uploads\/2010\/02\/desoldering-tool-225x300.jpg\" alt=\"\" width=\"225\" height=\"300\" srcset=\"https:\/\/py1yb.com\/wp-content\/uploads\/2010\/02\/desoldering-tool-225x300.jpg 225w, https:\/\/py1yb.com\/wp-content\/uploads\/2010\/02\/desoldering-tool.jpg 480w\" sizes=\"(max-width: 225px) 100vw, 225px\" \/><\/a><\/p>\n<p><a href=\"http:\/\/py1yb.com\/wp-content\/uploads\/2010\/02\/123.jpg\"><img loading=\"lazy\" class=\"aligncenter size-full wp-image-409\" title=\"1\" src=\"http:\/\/py1yb.com\/wp-content\/uploads\/2010\/02\/123.jpg\" alt=\"\" width=\"116\" height=\"45\" \/><\/a><\/p>\n<p>Pin\u00e7a mult\u00edmetro, para SMD<\/p>\n<p><a href=\"http:\/\/py1yb.com\/wp-content\/uploads\/2010\/02\/124.jpg\"><img loading=\"lazy\" class=\"aligncenter size-full wp-image-411\" title=\"1\" src=\"http:\/\/py1yb.com\/wp-content\/uploads\/2010\/02\/124.jpg\" alt=\"\" width=\"116\" height=\"45\" \/><\/a><\/p>\n<p><a href=\"http:\/\/py1yb.com\/wp-content\/uploads\/2010\/02\/2.jpg\"><img loading=\"lazy\" class=\"aligncenter size-medium wp-image-410\" title=\"2\" src=\"http:\/\/py1yb.com\/wp-content\/uploads\/2010\/02\/2-300x225.jpg\" alt=\"\" width=\"300\" height=\"225\" srcset=\"https:\/\/py1yb.com\/wp-content\/uploads\/2010\/02\/2-300x225.jpg 300w, https:\/\/py1yb.com\/wp-content\/uploads\/2010\/02\/2.jpg 640w\" sizes=\"(max-width: 300px) 100vw, 300px\" \/><\/a><\/p>\n<p><a href=\"http:\/\/py1yb.com\/wp-content\/uploads\/2010\/02\/125.jpg\"><img loading=\"lazy\" class=\"aligncenter size-full wp-image-412\" title=\"1\" src=\"http:\/\/py1yb.com\/wp-content\/uploads\/2010\/02\/125.jpg\" alt=\"\" width=\"116\" height=\"45\" \/><\/a><\/p>\n<p>Teste de v\u00e1lvulas<\/p>\n<p><a href=\"http:\/\/py1yb.com\/wp-content\/uploads\/2010\/02\/126.jpg\"><img loading=\"lazy\" class=\"aligncenter size-full wp-image-413\" title=\"1\" src=\"http:\/\/py1yb.com\/wp-content\/uploads\/2010\/02\/126.jpg\" alt=\"\" width=\"116\" height=\"45\" \/><\/a><\/p>\n<p><a href=\"http:\/\/py1yb.com\/wp-content\/uploads\/2010\/02\/TV-7-002.jpg\"><img loading=\"lazy\" class=\"aligncenter size-medium wp-image-414\" title=\"TV-7 002\" src=\"http:\/\/py1yb.com\/wp-content\/uploads\/2010\/02\/TV-7-002-300x225.jpg\" alt=\"\" width=\"300\" height=\"225\" srcset=\"https:\/\/py1yb.com\/wp-content\/uploads\/2010\/02\/TV-7-002-300x225.jpg 300w, https:\/\/py1yb.com\/wp-content\/uploads\/2010\/02\/TV-7-002.jpg 640w\" sizes=\"(max-width: 300px) 100vw, 300px\" \/><\/a><\/p>\n<p><a href=\"http:\/\/py1yb.com\/wp-content\/uploads\/2010\/02\/127.jpg\"><img loading=\"lazy\" class=\"aligncenter size-full wp-image-415\" title=\"1\" src=\"http:\/\/py1yb.com\/wp-content\/uploads\/2010\/02\/127.jpg\" alt=\"\" width=\"116\" height=\"45\" \/><\/a><\/p>\n<p>Muitos outros instrumentos menores, capac\u00edmetros, mult\u00edmetros, frequenc\u00edmetros, medidores de alta tens\u00e3o, tac\u00f4metro, term\u00f4metro infra-red, etc..<\/p>\n<p><a href=\"http:\/\/py1yb.com\/wp-content\/uploads\/2010\/02\/128.jpg\"><img loading=\"lazy\" class=\"aligncenter size-full wp-image-416\" title=\"1\" src=\"http:\/\/py1yb.com\/wp-content\/uploads\/2010\/02\/128.jpg\" alt=\"\" width=\"116\" height=\"45\" \/><\/a><\/p>\n<p>Computadores com imenso arquivo de manuais de servi\u00e7os e programas de ajustes dos equipamentos.<\/p>\n","protected":false},"excerpt":{"rendered":"<p>Alguns equipamentos foram acrescentados, em breve atualizaremos as fotos&#8230; Nossos equipamentos s\u00e3o: Acoplador de antenas, nele est\u00e3o ligadas 3 antenas de HF para os testes finais com os equipamentos 3 Monitores de servi\u00e7o IFR, instrumento que disp\u00f5e de v\u00e1rios equipamentos num s\u00f3. Wattimetro, frequenc\u00edmetro, oscilosc\u00f3pio, analisador de espectro, gerador de sinais, medidor de modula\u00e7\u00e3o, gerador [&hellip;]<\/p>\n","protected":false},"author":3,"featured_media":0,"parent":21,"menu_order":1,"comment_status":"open","ping_status":"open","template":"","meta":[],"_links":{"self":[{"href":"https:\/\/py1yb.com\/index.php?rest_route=\/wp\/v2\/pages\/44"}],"collection":[{"href":"https:\/\/py1yb.com\/index.php?rest_route=\/wp\/v2\/pages"}],"about":[{"href":"https:\/\/py1yb.com\/index.php?rest_route=\/wp\/v2\/types\/page"}],"author":[{"embeddable":true,"href":"https:\/\/py1yb.com\/index.php?rest_route=\/wp\/v2\/users\/3"}],"replies":[{"embeddable":true,"href":"https:\/\/py1yb.com\/index.php?rest_route=%2Fwp%2Fv2%2Fcomments&post=44"}],"version-history":[{"count":17,"href":"https:\/\/py1yb.com\/index.php?rest_route=\/wp\/v2\/pages\/44\/revisions"}],"predecessor-version":[{"id":2271,"href":"https:\/\/py1yb.com\/index.php?rest_route=\/wp\/v2\/pages\/44\/revisions\/2271"}],"up":[{"embeddable":true,"href":"https:\/\/py1yb.com\/index.php?rest_route=\/wp\/v2\/pages\/21"}],"wp:attachment":[{"href":"https:\/\/py1yb.com\/index.php?rest_route=%2Fwp%2Fv2%2Fmedia&parent=44"}],"curies":[{"name":"wp","href":"https:\/\/api.w.org\/{rel}","templated":true}]}}