{"id":353,"date":"2010-03-06T18:10:16","date_gmt":"2010-03-06T21:10:16","guid":{"rendered":"http:\/\/py1yb.com\/?page_id=353"},"modified":"2012-01-01T18:25:46","modified_gmt":"2012-01-01T21:25:46","slug":"estacao-base","status":"publish","type":"page","link":"https:\/\/py1yb.com\/?page_id=353","title":{"rendered":"ESTA\u00c7\u00c3O BASE"},"content":{"rendered":"<p>Minha esta\u00e7\u00e3o muda com certa frequencia devido a troca de lineares e alguns outros acess\u00f3rios.<\/p>\n<p><a href=\"http:\/\/py1yb.com\/wp-content\/uploads\/2010\/02\/15.jpg\"><\/a><\/p>\n<p><a href=\"http:\/\/py1yb.com\/wp-content\/uploads\/2010\/03\/47.jpg\"><img loading=\"lazy\" class=\"aligncenter size-medium wp-image-1495\" title=\"47\" src=\"http:\/\/py1yb.com\/wp-content\/uploads\/2010\/03\/47-300x200.jpg\" alt=\"\" width=\"300\" height=\"200\" srcset=\"https:\/\/py1yb.com\/wp-content\/uploads\/2010\/03\/47-300x200.jpg 300w, https:\/\/py1yb.com\/wp-content\/uploads\/2010\/03\/47.jpg 1024w\" sizes=\"(max-width: 300px) 100vw, 300px\" \/><\/a><\/p>\n<p>Hoje temos os seguintes equipamentos:<\/p>\n<p>FT920 &#8211; Transceptor de HF\/50Mhz<\/p>\n<p>FT1000MP &#8211; Transceptor de HF<\/p>\n<p>IC7000 &#8211; Transceptor de HF, VHF, UHF multi modo<\/p>\n<p>HF2000 DX\u00a0&#8211; Amplificador de HF<\/p>\n<p>AT2K &#8211; Acoplador de antenas para HF<\/p>\n<p>WH7 &#8211; Watimetro de HF<\/p>\n<p>FP1030 &#8211; Fonte 25A<\/p>\n<p>RS35M &#8211; Fonte 35A<\/p>\n<p>TM742 &#8211; Tri banda com 144, 220, 440<\/p>\n<p>TM941 &#8211; Tri banda com 144, 440, 1200<\/p>\n<p>TM741 &#8211; Tri banda com 144, 220, 440 (na bancada de servi\u00e7os)<\/p>\n<p>STR8300 &#8211; VHF Maritimo com painel DSC GMDSS<\/p>\n<p>G800DXA &#8211; Rotor Yaesu<\/p>\n<hr \/>\n<p>Nossas\u00a0 antenas\u00a0<\/p>\n<p><a href=\"http:\/\/py1yb.com\/wp-content\/uploads\/2010\/02\/Antenas-001...jpg\"><img loading=\"lazy\" title=\"Antenas 001..\" src=\"http:\/\/py1yb.com\/wp-content\/uploads\/2010\/02\/Antenas-001..-225x300.jpg\" alt=\"\" width=\"225\" height=\"300\" \/><\/a><\/p>\n<p><a href=\"http:\/\/py1yb.com\/wp-content\/uploads\/2010\/03\/165.jpg\"><img loading=\"lazy\" class=\"aligncenter size-full wp-image-603\" title=\"1\" src=\"http:\/\/py1yb.com\/wp-content\/uploads\/2010\/03\/165.jpg\" alt=\"\" width=\"116\" height=\"45\" \/><\/a><\/p>\n<p><a href=\"http:\/\/py1yb.com\/wp-content\/uploads\/2010\/03\/Antenas-010.jpg\"><img loading=\"lazy\" class=\"aligncenter size-medium wp-image-604\" title=\"Antenas 010\" src=\"http:\/\/py1yb.com\/wp-content\/uploads\/2010\/03\/Antenas-010-225x300.jpg\" alt=\"\" width=\"225\" height=\"300\" srcset=\"https:\/\/py1yb.com\/wp-content\/uploads\/2010\/03\/Antenas-010-225x300.jpg 225w, https:\/\/py1yb.com\/wp-content\/uploads\/2010\/03\/Antenas-010.jpg 480w\" sizes=\"(max-width: 225px) 100vw, 225px\" \/><\/a><\/p>\n<p>As antenas sao:<\/p>\n<p>XM240 &#8211; 2 elem para 40 metros<\/p>\n<p>X7 &#8211; 7 elem para 10, 15, 20 metros<\/p>\n<p>A50-5S &#8211; 5 elem 6 metros<\/p>\n<p>ARX-6 &#8211; vertical para 6 metros<\/p>\n<p>Dipolo 1\/2 para 80, alimentada por linha aberta<\/p>\n<p>CX333 &#8211; tri banda 144, 220, 440<\/p>\n<p>CX333 &#8211; Tri banda 144, 220, 440<\/p>\n<p>GP98 &#8211; Tri banda 144, 440, 1200<\/p>\n<p>1\/4 de onda para VHF, temos 4 para testes na bancada<\/p>\n<p>Vertical de fibra com 7 metros para teste de acopladores e RX<\/p>\n<hr \/>\n<p><a href=\"http:\/\/py1yb.com\/wp-content\/uploads\/2010\/03\/Antenas-0081.jpg\"><img loading=\"lazy\" class=\"aligncenter size-medium wp-image-607\" title=\"Antenas 008\" src=\"http:\/\/py1yb.com\/wp-content\/uploads\/2010\/03\/Antenas-0081-225x300.jpg\" alt=\"\" width=\"225\" height=\"300\" srcset=\"https:\/\/py1yb.com\/wp-content\/uploads\/2010\/03\/Antenas-0081-225x300.jpg 225w, https:\/\/py1yb.com\/wp-content\/uploads\/2010\/03\/Antenas-0081.jpg 480w\" sizes=\"(max-width: 225px) 100vw, 225px\" \/><\/a><\/p>\n<p><a href=\"http:\/\/py1yb.com\/wp-content\/uploads\/2010\/03\/166.jpg\"><img loading=\"lazy\" class=\"aligncenter size-full wp-image-608\" title=\"1\" src=\"http:\/\/py1yb.com\/wp-content\/uploads\/2010\/03\/166.jpg\" alt=\"\" width=\"116\" height=\"45\" \/><\/a><\/p>\n<p>CX333<\/p>\n<p><a href=\"http:\/\/py1yb.com\/wp-content\/uploads\/2010\/03\/CX333-144-220-440.jpg\"><img loading=\"lazy\" class=\"aligncenter size-medium wp-image-609\" title=\"CX333 144-220-440\" src=\"http:\/\/py1yb.com\/wp-content\/uploads\/2010\/03\/CX333-144-220-440-225x300.jpg\" alt=\"\" width=\"225\" height=\"300\" \/><\/a><\/p>\n<p><a href=\"http:\/\/py1yb.com\/wp-content\/uploads\/2010\/03\/167.jpg\"><img loading=\"lazy\" class=\"aligncenter size-full wp-image-610\" title=\"1\" src=\"http:\/\/py1yb.com\/wp-content\/uploads\/2010\/03\/167.jpg\" alt=\"\" width=\"116\" height=\"45\" \/><\/a><\/p>\n<p>A50-5S<\/p>\n<p><a href=\"http:\/\/py1yb.com\/wp-content\/uploads\/2010\/03\/6-metros-010.jpg\"><img loading=\"lazy\" class=\"aligncenter size-medium wp-image-611\" title=\"6 metros 010\" src=\"http:\/\/py1yb.com\/wp-content\/uploads\/2010\/03\/6-metros-010-300x225.jpg\" alt=\"\" width=\"300\" height=\"225\" srcset=\"https:\/\/py1yb.com\/wp-content\/uploads\/2010\/03\/6-metros-010-300x225.jpg 300w, https:\/\/py1yb.com\/wp-content\/uploads\/2010\/03\/6-metros-010.jpg 640w\" sizes=\"(max-width: 300px) 100vw, 300px\" \/><\/a><\/p>\n<p><a href=\"http:\/\/py1yb.com\/wp-content\/uploads\/2010\/03\/168.jpg\"><img loading=\"lazy\" class=\"aligncenter size-full wp-image-612\" title=\"1\" src=\"http:\/\/py1yb.com\/wp-content\/uploads\/2010\/03\/168.jpg\" alt=\"\" width=\"116\" height=\"45\" \/><\/a><\/p>\n<p>X7<\/p>\n<p><a href=\"http:\/\/py1yb.com\/wp-content\/uploads\/2010\/03\/7-X7viem.jpg\"><img loading=\"lazy\" class=\"aligncenter size-medium wp-image-613\" title=\"7-X7viem\" src=\"http:\/\/py1yb.com\/wp-content\/uploads\/2010\/03\/7-X7viem-300x225.jpg\" alt=\"\" width=\"300\" height=\"225\" srcset=\"https:\/\/py1yb.com\/wp-content\/uploads\/2010\/03\/7-X7viem-300x225.jpg 300w, https:\/\/py1yb.com\/wp-content\/uploads\/2010\/03\/7-X7viem.jpg 640w\" sizes=\"(max-width: 300px) 100vw, 300px\" \/><\/a><\/p>\n<p><a href=\"http:\/\/py1yb.com\/wp-content\/uploads\/2010\/03\/169.jpg\"><img loading=\"lazy\" class=\"aligncenter size-full wp-image-615\" title=\"1\" src=\"http:\/\/py1yb.com\/wp-content\/uploads\/2010\/03\/169.jpg\" alt=\"\" width=\"116\" height=\"45\" \/><\/a><\/p>\n<p>Linha aberta<\/p>\n<p><a href=\"http:\/\/py1yb.com\/wp-content\/uploads\/2010\/03\/open-line-3.jpg\"><img loading=\"lazy\" class=\"aligncenter size-medium wp-image-616\" title=\"open line-3\" src=\"http:\/\/py1yb.com\/wp-content\/uploads\/2010\/03\/open-line-3-225x300.jpg\" alt=\"\" width=\"225\" height=\"300\" srcset=\"https:\/\/py1yb.com\/wp-content\/uploads\/2010\/03\/open-line-3-225x300.jpg 225w, https:\/\/py1yb.com\/wp-content\/uploads\/2010\/03\/open-line-3.jpg 480w\" sizes=\"(max-width: 225px) 100vw, 225px\" \/><\/a><\/p>\n<p><a href=\"http:\/\/py1yb.com\/wp-content\/uploads\/2010\/03\/170.jpg\"><img loading=\"lazy\" class=\"aligncenter size-full wp-image-617\" title=\"1\" src=\"http:\/\/py1yb.com\/wp-content\/uploads\/2010\/03\/170.jpg\" alt=\"\" width=\"116\" height=\"45\" \/><\/a><\/p>\n<p>ARX-6<\/p>\n<p><a href=\"http:\/\/py1yb.com\/wp-content\/uploads\/2010\/03\/6M-Vertical.jpg\"><img loading=\"lazy\" class=\"aligncenter size-medium wp-image-618\" title=\"6M Vertical\" src=\"http:\/\/py1yb.com\/wp-content\/uploads\/2010\/03\/6M-Vertical-225x300.jpg\" alt=\"\" width=\"225\" height=\"300\" srcset=\"https:\/\/py1yb.com\/wp-content\/uploads\/2010\/03\/6M-Vertical-225x300.jpg 225w, https:\/\/py1yb.com\/wp-content\/uploads\/2010\/03\/6M-Vertical.jpg 480w\" sizes=\"(max-width: 225px) 100vw, 225px\" \/><\/a><\/p>\n<hr \/>\n<p>Finalmente, quando preciso fazer manuten\u00e7\u00e3o nelas.. \u00e9 assim..<\/p>\n<p><a href=\"http:\/\/py1yb.com\/wp-content\/uploads\/2010\/03\/Antenas-5.jpg\"><img loading=\"lazy\" class=\"aligncenter size-medium wp-image-620\" title=\"Antenas-5\" src=\"http:\/\/py1yb.com\/wp-content\/uploads\/2010\/03\/Antenas-5-225x300.jpg\" alt=\"\" width=\"225\" height=\"300\" srcset=\"https:\/\/py1yb.com\/wp-content\/uploads\/2010\/03\/Antenas-5-225x300.jpg 225w, https:\/\/py1yb.com\/wp-content\/uploads\/2010\/03\/Antenas-5.jpg 480w\" sizes=\"(max-width: 225px) 100vw, 225px\" \/><\/a><\/p>\n","protected":false},"excerpt":{"rendered":"<p>Minha esta\u00e7\u00e3o muda com certa frequencia devido a troca de lineares e alguns outros acess\u00f3rios. Hoje temos os seguintes equipamentos: FT920 &#8211; Transceptor de HF\/50Mhz FT1000MP &#8211; Transceptor de HF IC7000 &#8211; Transceptor de HF, VHF, UHF multi modo HF2000 DX\u00a0&#8211; Amplificador de HF AT2K &#8211; Acoplador de antenas para HF WH7 &#8211; Watimetro de [&hellip;]<\/p>\n","protected":false},"author":1,"featured_media":0,"parent":350,"menu_order":1,"comment_status":"open","ping_status":"open","template":"","meta":[],"_links":{"self":[{"href":"https:\/\/py1yb.com\/index.php?rest_route=\/wp\/v2\/pages\/353"}],"collection":[{"href":"https:\/\/py1yb.com\/index.php?rest_route=\/wp\/v2\/pages"}],"about":[{"href":"https:\/\/py1yb.com\/index.php?rest_route=\/wp\/v2\/types\/page"}],"author":[{"embeddable":true,"href":"https:\/\/py1yb.com\/index.php?rest_route=\/wp\/v2\/users\/1"}],"replies":[{"embeddable":true,"href":"https:\/\/py1yb.com\/index.php?rest_route=%2Fwp%2Fv2%2Fcomments&post=353"}],"version-history":[{"count":10,"href":"https:\/\/py1yb.com\/index.php?rest_route=\/wp\/v2\/pages\/353\/revisions"}],"predecessor-version":[{"id":602,"href":"https:\/\/py1yb.com\/index.php?rest_route=\/wp\/v2\/pages\/353\/revisions\/602"}],"up":[{"embeddable":true,"href":"https:\/\/py1yb.com\/index.php?rest_route=\/wp\/v2\/pages\/350"}],"wp:attachment":[{"href":"https:\/\/py1yb.com\/index.php?rest_route=%2Fwp%2Fv2%2Fmedia&parent=353"}],"curies":[{"name":"wp","href":"https:\/\/api.w.org\/{rel}","templated":true}]}}