{"id":346,"date":"2010-03-06T18:05:16","date_gmt":"2010-03-06T21:05:16","guid":{"rendered":"http:\/\/py1yb.com\/?page_id=346"},"modified":"2018-03-20T12:38:23","modified_gmt":"2018-03-20T15:38:23","slug":"fotos-diversas","status":"publish","type":"page","link":"https:\/\/py1yb.com\/?page_id=346","title":{"rendered":"Fotos Diversas"},"content":{"rendered":"<p>Como embalamos os equipamentos que consertamos e vendemos&#8230;<\/p>\n<p><a href=\"https:\/\/picasaweb.google.com\/115451979762022781154\/EmbalagemDeEquipamentos\">https:\/\/picasaweb.google.com\/115451979762022781154\/EmbalagemDeEquipamentos<\/a><\/p>\n<hr \/>\n<p>Nossas repetidoras, montagem, manuten\u00e7\u00e3o etc&#8230;<\/p>\n<p><a href=\"https:\/\/get.google.com\/albumarchive\/109110593555229254959\/album\/AF1QipMT1JKTpZgR30c8GDwaG-lOe521zlAHLJLUWR1Z\">https:\/\/get.google.com\/albumarchive\/109110593555229254959\/album\/AF1QipMT1JKTpZgR30c8GDwaG-lOe521zlAHLJLUWR1Z<\/a><\/p>\n<hr \/>\n<p>Nossa viagem a Dayton em 2009. O maior encontro de radioamadores do mundo. Cerca de 30.000 radioamadores de todo o mundo, novidades da industria de equipamentos,\u00a0 antenas e acess\u00f3rios. O maior e mais diversificado comercio de equipamentos usados do mundo. Imperdivel&#8230;<\/p>\n<p><a href=\"https:\/\/get.google.com\/albumarchive\/109110593555229254959\/album\/AF1QipPLIp0nuqU0aCw0sCyyVk--XBqOTjXVKKEawEd2\">https:\/\/get.google.com\/albumarchive\/109110593555229254959\/album\/AF1QipPLIp0nuqU0aCw0sCyyVk&#8211;XBqOTjXVKKEawEd2<\/a><\/p>\n<hr \/>\n<p>Expedi\u00e7\u00e3o\u00a0na Ilha de Trindade, ZY0T, uma experi\u00eancia inesquecivel.\u00a0 Testes, prepara\u00e7\u00e3o de equipamentos, ensaios, viagem de navio, montagem, tudo sobre a aventura nesse link<\/p>\n<p><a href=\"https:\/\/get.google.com\/albumarchive\/109110593555229254959\/album\/AF1QipOYUmZIBUnOxDeFaBibbXOZGgkNOD1Ss1FG542J\">https:\/\/get.google.com\/albumarchive\/109110593555229254959\/album\/AF1QipOYUmZIBUnOxDeFaBibbXOZGgkNOD1Ss1FG542J<\/a><\/p>\n<hr \/>\n<p>Expedi\u00e7\u00e3o na Guiana Inglesa, 8R1PY, \u00f3tima experi\u00eancia, conv\u00edvio com uma turma de excelentes operadores. Surpresas com as constantes falta de energia, montagens de antenas, mudan\u00e7as de ultima hora etc, veja tudo no link abaixo.<\/p>\n<p><a href=\"https:\/\/get.google.com\/albumarchive\/109110593555229254959\/album\/AF1QipNfJDoktwO24-WKzlwvnX9YKHCPBwzayp0ZTU1L\">https:\/\/get.google.com\/albumarchive\/109110593555229254959\/album\/AF1QipNfJDoktwO24-WKzlwvnX9YKHCPBwzayp0ZTU1L<\/a>#<\/p>\n<p>&nbsp;<\/p>\n<hr \/>\n<p>Expedi\u00e7\u00e3o na Ilha Rasa, PT1R. Deu muito trabalho, cansativo o sobe desce de material, muito material, turma animada, convivencia perfeita, um excelente trabalho de equipe. Muita saudade&#8230;<\/p>\n<p><a href=\"https:\/\/get.google.com\/albumarchive\/109110593555229254959\/album\/AF1QipPlqsPJl3PgDGaL9ilM_fzTZB-q6v36vmih8f1e\">https:\/\/get.google.com\/albumarchive\/109110593555229254959\/album\/AF1QipPlqsPJl3PgDGaL9ilM_fzTZB-q6v36vmih8f1e<\/a><\/p>\n<hr \/>\n<p>Nossa viagem a Dayton em 2010. Mais uma vez, foi um evento\u00a0maravilhoso, encontro de amigos brasileiros e estrangeiros, a procura de equipamentos, novidades. Compra de materiais, pe\u00e7as, ferramentas, tudo em materia de radioamadorismo que se possa imaginar..\u00a0 vejam&#8230;<\/p>\n<p><a href=\"https:\/\/get.google.com\/albumarchive\/109110593555229254959\/album\/AF1QipPYY_oiwtXTcsJz7Gr4yuxGcwSMxorQWzlPWbtw\">https:\/\/get.google.com\/albumarchive\/109110593555229254959\/album\/AF1QipPYY_oiwtXTcsJz7Gr4yuxGcwSMxorQWzlPWbtw<\/a><\/p>\n<hr \/>\n<p>Nossa viagem a Dayton em 2011. Mais uma vez, foi um evento\u00a0maravilhoso, encontro de amigos brasileiros e estrangeiros, a procura de equipamentos, novidades. Compra de materiais, pe\u00e7as, ferramentas, tudo em materia de radioamadorismo que se possa imaginar.. Esse ano com recorde de brasileiros\u00a0 vejam&#8230;<\/p>\n<p><a href=\"https:\/\/picasaweb.google.com\/109110593555229254959\/Dayton2011#\">https:\/\/picasaweb.google.com\/109110593555229254959\/Dayton2011#<\/a><\/p>\n","protected":false},"excerpt":{"rendered":"<p>Como embalamos os equipamentos que consertamos e vendemos&#8230; https:\/\/picasaweb.google.com\/115451979762022781154\/EmbalagemDeEquipamentos Nossas repetidoras, montagem, manuten\u00e7\u00e3o etc&#8230; https:\/\/get.google.com\/albumarchive\/109110593555229254959\/album\/AF1QipMT1JKTpZgR30c8GDwaG-lOe521zlAHLJLUWR1Z Nossa viagem a Dayton em 2009. O maior encontro de radioamadores do mundo. Cerca de 30.000 radioamadores de todo o mundo, novidades da industria de equipamentos,\u00a0 antenas e acess\u00f3rios. O maior e mais diversificado comercio de equipamentos usados do mundo. [&hellip;]<\/p>\n","protected":false},"author":1,"featured_media":0,"parent":0,"menu_order":7,"comment_status":"open","ping_status":"open","template":"","meta":[],"_links":{"self":[{"href":"https:\/\/py1yb.com\/index.php?rest_route=\/wp\/v2\/pages\/346"}],"collection":[{"href":"https:\/\/py1yb.com\/index.php?rest_route=\/wp\/v2\/pages"}],"about":[{"href":"https:\/\/py1yb.com\/index.php?rest_route=\/wp\/v2\/types\/page"}],"author":[{"embeddable":true,"href":"https:\/\/py1yb.com\/index.php?rest_route=\/wp\/v2\/users\/1"}],"replies":[{"embeddable":true,"href":"https:\/\/py1yb.com\/index.php?rest_route=%2Fwp%2Fv2%2Fcomments&post=346"}],"version-history":[{"count":24,"href":"https:\/\/py1yb.com\/index.php?rest_route=\/wp\/v2\/pages\/346\/revisions"}],"predecessor-version":[{"id":2214,"href":"https:\/\/py1yb.com\/index.php?rest_route=\/wp\/v2\/pages\/346\/revisions\/2214"}],"wp:attachment":[{"href":"https:\/\/py1yb.com\/index.php?rest_route=%2Fwp%2Fv2%2Fmedia&parent=346"}],"curies":[{"name":"wp","href":"https:\/\/api.w.org\/{rel}","templated":true}]}}