{"id":339,"date":"2010-03-06T17:56:02","date_gmt":"2010-03-06T20:56:02","guid":{"rendered":"http:\/\/py1yb.com\/?page_id=339"},"modified":"2010-06-04T20:10:42","modified_gmt":"2010-06-04T23:10:42","slug":"sobre-fontes","status":"publish","type":"page","link":"https:\/\/py1yb.com\/?page_id=339","title":{"rendered":"SOBRE FONTES"},"content":{"rendered":"<p>Um dos itens mais importante na esta\u00e7\u00e3o, aquele que alimenta o nosso radio de as vezes milhares de d\u00f3lares.. Precisa ser de \u00f3tima qualidade.<\/p>\n<p>Avaliar uma fonte&#8230; como qualquer outro equipamento n\u00e3o basta ter a sorte de t\u00ea-la funcionando a X anos sem problema.\u00a0Ou a recomenda\u00e7\u00e3o de um ou outro colega.\u00a0As vezes posso parecer um critico ferrenho, que nada presta etc&#8230;<br \/>\nMas s\u00e3o v\u00e1rios itens que infelizmente os nossos fabricantes n\u00e3o cuidam, n\u00e3o sabem, outros que sabem acham que v\u00e3o perder dinheiro se fizerem e at\u00e9 a perda de concorr\u00eancia, porque afinal seu produto custar\u00e1 mais que o do outro&#8230;.e ai entra a mis\u00e9ria nacional, a vontade de ter alguma coisa e acabamos comprando, mais pelo pre\u00e7o do que qualquer outro aspecto.<br \/>\nEu gostaria que ainda existissem as revistas do ramo, como a eletr\u00f4nica popular, que foi t\u00e3o famosa no radioamadorismo dos anos 70\/80 e que os fabricantes tivessem a coragem de submeter seus equipamentos a uma revis\u00e3o\u00a0 como \u00e9 feito pela RSGB, QST etc&#8230; Assim a maioria teria acesso a informa\u00e7\u00f5es que infelizmente n\u00e3o conhece.<br \/>\nO ideal, ao decidir pela compra de um acess\u00f3rio t\u00e3o importante \u00e9 ter o m\u00ednimo de conhecimento do que deve haver por dentro dele..<br \/>\nClaro que a cor, desenho, se tem &#8220;reloginhos&#8221; (nao aguento quando escuto isso) etc.. s\u00e3o itens importantes&#8230; Mas e o projeto? O material? E a montagem? \u00c9 ai que mora o perigo.<br \/>\nUma fonte tem os seguintes est\u00e1gios importantes. Entrada de AC, Transformador, Retificador, Filtragem, Regulador, Transistores de passagem, Medidores, Crowbar ou OVP e Saida.<\/p>\n<p>1 &#8211; Entrada de AC. O que se espera dela? Que tenha um cabo de boa qualidade, que tenha fus\u00edvel de acesso externo de acordo com a corrente de consumo e com margem calculada. Que tenha varistor para segurar surtos de tens\u00e3o, que tenha sele\u00e7\u00e3o de voltagem para atender nosso pa\u00eds onde encontramos 127 e 220 e um bom interruptor.<\/p>\n<p>2 &#8211; Transformador&#8230;. ferro de boa qualidade, enrolamento idem, isola\u00e7\u00e3o, verniz, n\u00e3o vibrar, n\u00e3o esquentar e principalmente o PROJETO!! Vemos na maioria das <strong>fontes<\/strong> nacionais que a saida de baixa tens\u00e3o \u00e9 uma s\u00f3. Retificam e mandam pra frente pra alimentar a saida e o regulador. ISSO EST\u00c1 ERRADO&#8230;&#8230;&#8230;&#8230;.\u00e9 economia porca..<\/p>\n<p>Esse projeto de mandar 26, 29, 30 volts para o regulador e saida, faz com que os transistores de saida trabalhem muito mais desnecessariamente. (falo disso depois)<\/p>\n<p>3- Filtragem. Outra coisa que a economia impera. Uma Astron usa 60 a 70 MIL microfarads enquanto encontramos por ai 5 mil, 10 mil nas nacionais.<\/p>\n<p>4 &#8211; Regulador. A maioria usa o famoso &#8220;723&#8221; legal at\u00e9 ai. Mas o erro est\u00e1 no projeto e ligado ao assunto da tens\u00e3o retificada que prometi voltar a ela depois. Outras mais porcas usam um 7812, um zener e mais uma &#8220;merreca&#8221; de pe\u00e7as que fa\u00e7a o favor..<\/p>\n<p>5 &#8211; Transistores de passagem. Nesse ponto ent\u00e3o, \u00e9 onde mais vemos absurdos. Na escolha, na montagem, na quantidade, no resistor de equaliza\u00e7\u00e3o. Boas <strong>fontes<\/strong> usam 0,05 Ohms 5w. Aqui ja vi, 0,5&#8230;., 0,22&#8230;. o que tiver na m\u00e3o n\u00e9&#8230; o que acontece?? Aquecimento e corrente JOGADOS FORA.. Um excelente transistor \u00e9 o 2N3771, mas tem por ai 2N3055 a dar com pau, o outro \u00e9 mais caro n\u00e9&#8230;<br \/>\nJ\u00e1 vi <strong>fontes<\/strong> que nao colocam o isolador no trt, pra que?? o dissipador \u00e9 preto anodizado, nao conduz.. PUTZ economia porca.. Ja vi <strong>fontes<\/strong> com dissipador VIVO, com 30 volts.. imaginem isso encostando no seu radio..<\/p>\n<p>6 &#8211; Medidores. Em nossas <strong>fontes<\/strong> isso \u00e9 muito importante, ter a monitora\u00e7\u00e3o da Tens\u00e3o \u00e9 bom, mas a de corrente informa muita coisa em rela\u00e7\u00e3o ao radio. Observando o consumo pode-se diagnosticar v\u00e1rios problemas e esse medidor precisa ser bom e confi\u00e1vel. Tem fonte por ai que usa ferro movel!! aqueles que levam dois dias para o ponteiro parar de mexer!! fala s\u00e9rio..<\/p>\n<p>7 &#8211; O crow bar ou OVP .. a proten\u00e7\u00e3o de sobre tens\u00e3o \u00e9 indispensavel em nossas <strong>fontes<\/strong>. A queima de um dos trt\u00b4s de passagem pode levar a tens\u00e3o de saida a 20, 25 ou 30 volts dependendo do projeto e isso DESTROI O RADIO&#8230;.. portanto n\u00e3o pode deixar de ter e que seja o mais eficiente poss\u00edvel.<\/p>\n<p>8 &#8211; Finalmente os bornes de saida, fia\u00e7\u00e3o proporcional a corrente para qual foi projetada. Sensor de corrente para curto etc,,<\/p>\n<p>9 &#8211; Agora isso tudo precisa de um projeto de montagem que permita manuten\u00e7\u00e3o.<\/p>\n<p>Que a troca de um componente n\u00e3o seja um calv\u00e1rio, que n\u00e3o se tenha que desmontar 80% da fonte pra trocar um CI ou um TRT.. Qee a fia\u00e7\u00e3o seja adequada, soldas, isolantes, parafusos etc&#8230;<\/p>\n<div>10\u00a0&#8211; Como disse antes, a quest\u00e3o de que tens\u00e3o usar na saida do trafo para retificar e aplicar aos saidas e ao regulador na maioria das vezes, ou n\u00e3o sabem ou nao ligam,\u00a0 mais um economia porca dos fabricantes que\u00a0jogam essas coisas nos peitos do consumidor. O regulador de tens\u00e3o precisa de uma tens\u00e3o mais alta, cerca de 29 volts pra ter MARGEM de regula\u00e7\u00e3o frente as varia\u00e7\u00f5es de rede, j\u00e1 os transistores de saida, quanto mais alta for a tens\u00e3o, mais eles trabalham, mais esquentam s\u00f3 pra reduzirem de 29 pra 13,8V. Assim, uma fonte bem projetada tem o secund\u00e1rio duplo, gerando uma tens\u00e3o mais baixa para a saida com retificadores de alta corrente e uma mais alta num retificador separado de baixa corrente somente para o regulador. Isso sim \u00e9 um projeto decente, confi\u00e1vel. Atendendo todas as necessidades de uma boa fonte que por sua vez carrega a responsabilidade de alimentar nossos radios de 1000, 2000, 3000 dol\u00e1res&#8230; Pensem bem, procurem informa\u00e7\u00f5es sobre que produtos v\u00e3o utilizar nesses casos. \u00c9 como comprar um carro zero e usar pneus carecas, remold etc..<\/div>\n<div>Perguntem aos t\u00e9cnicos, pe\u00e7am \u00a0informa\u00e7\u00f5es sobre que fonte comprar, pe\u00e7am ajuda a alguem do ramo. N\u00e3o confie simplesmente em ouvir falar, ou experi\u00eancias de usu\u00e1rios comuns.. Uma economia na compra da fonte pode resultar num prejuizo enorme no conserto do radio&#8230;&#8230;<\/div>\n<div>73<\/div>\n<div><a href=\"http:\/\/py1yb.com\/wp-content\/uploads\/2010\/03\/1127.jpg\"><img loading=\"lazy\" class=\"aligncenter size-full wp-image-877\" title=\"1\" src=\"http:\/\/py1yb.com\/wp-content\/uploads\/2010\/03\/1127.jpg\" alt=\"\" width=\"116\" height=\"45\" \/><\/a><\/div>\n<p><a href=\"mailto:ivan@py1yb.com\">Clique aqui em caso de duvidas<\/a><\/p>\n<p><a href=\"http:\/\/py1yb.com\/wp-content\/uploads\/2010\/03\/1128.jpg\"><img loading=\"lazy\" class=\"aligncenter size-full wp-image-878\" title=\"1\" src=\"http:\/\/py1yb.com\/wp-content\/uploads\/2010\/03\/1128.jpg\" alt=\"\" width=\"116\" height=\"45\" \/><\/a><\/p>\n","protected":false},"excerpt":{"rendered":"<p>Um dos itens mais importante na esta\u00e7\u00e3o, aquele que alimenta o nosso radio de as vezes milhares de d\u00f3lares.. Precisa ser de \u00f3tima qualidade. Avaliar uma fonte&#8230; como qualquer outro equipamento n\u00e3o basta ter a sorte de t\u00ea-la funcionando a X anos sem problema.\u00a0Ou a recomenda\u00e7\u00e3o de um ou outro colega.\u00a0As vezes posso parecer um [&hellip;]<\/p>\n","protected":false},"author":1,"featured_media":0,"parent":23,"menu_order":3,"comment_status":"open","ping_status":"open","template":"","meta":[],"_links":{"self":[{"href":"https:\/\/py1yb.com\/index.php?rest_route=\/wp\/v2\/pages\/339"}],"collection":[{"href":"https:\/\/py1yb.com\/index.php?rest_route=\/wp\/v2\/pages"}],"about":[{"href":"https:\/\/py1yb.com\/index.php?rest_route=\/wp\/v2\/types\/page"}],"author":[{"embeddable":true,"href":"https:\/\/py1yb.com\/index.php?rest_route=\/wp\/v2\/users\/1"}],"replies":[{"embeddable":true,"href":"https:\/\/py1yb.com\/index.php?rest_route=%2Fwp%2Fv2%2Fcomments&post=339"}],"version-history":[{"count":7,"href":"https:\/\/py1yb.com\/index.php?rest_route=\/wp\/v2\/pages\/339\/revisions"}],"predecessor-version":[{"id":872,"href":"https:\/\/py1yb.com\/index.php?rest_route=\/wp\/v2\/pages\/339\/revisions\/872"}],"up":[{"embeddable":true,"href":"https:\/\/py1yb.com\/index.php?rest_route=\/wp\/v2\/pages\/23"}],"wp:attachment":[{"href":"https:\/\/py1yb.com\/index.php?rest_route=%2Fwp%2Fv2%2Fmedia&parent=339"}],"curies":[{"name":"wp","href":"https:\/\/api.w.org\/{rel}","templated":true}]}}