{"id":25,"date":"2010-02-18T13:16:45","date_gmt":"2010-02-18T13:16:45","guid":{"rendered":"http:\/\/yankeebravo.com.br\/?page_id=16"},"modified":"2010-03-09T21:20:14","modified_gmt":"2010-03-10T00:20:14","slug":"radioamadorismo","status":"publish","type":"page","link":"https:\/\/py1yb.com\/?page_id=25","title":{"rendered":"Links"},"content":{"rendered":"<p>Aqui\u00a0voc\u00ea encontrar\u00e1 links para p\u00e1ginas relacionadas ao\u00a0radioamadorismo.<\/p>\n<hr \/>\n<p><span style=\"font-family: Arial; font-size: x-small;\"><a href=\"http:\/\/www.py1yb.com\/\" target=\"_blank\"><\/a><\/span><\/p>\n<p><span style=\"font-family: Arial; font-size: x-small;\">ANATEL\u00a0 <\/span><\/p>\n<p><span style=\"font-family: Arial; font-size: x-small;\"><a href=\"http:\/\/www.anatel.gov.br\/\">http:\/\/www.anatel.gov.br\/<\/a><br \/>\n<\/span><\/p>\n<hr \/>\n<p>LABRE RJ<\/p>\n<p><a href=\"http:\/\/www.labre-rj.org.br\/\">http:\/\/www.labre-rj.org.br\/<\/a><\/p>\n<hr \/>\n<p>ARRL<\/p>\n<p><a href=\"http:\/\/www.arrl.org\/\">http:\/\/www.arrl.org\/<\/a><\/p>\n<hr \/>\n<p>QRZ<\/p>\n<p><a href=\"http:\/\/www.qrz.com\">www.qrz.com<\/a><\/p>\n<hr \/>\n","protected":false},"excerpt":{"rendered":"<p>Aqui\u00a0voc\u00ea encontrar\u00e1 links para p\u00e1ginas relacionadas ao\u00a0radioamadorismo. ANATEL\u00a0 http:\/\/www.anatel.gov.br\/ LABRE RJ http:\/\/www.labre-rj.org.br\/ ARRL http:\/\/www.arrl.org\/ QRZ www.qrz.com<\/p>\n","protected":false},"author":1,"featured_media":0,"parent":0,"menu_order":9,"comment_status":"open","ping_status":"open","template":"","meta":[],"_links":{"self":[{"href":"https:\/\/py1yb.com\/index.php?rest_route=\/wp\/v2\/pages\/25"}],"collection":[{"href":"https:\/\/py1yb.com\/index.php?rest_route=\/wp\/v2\/pages"}],"about":[{"href":"https:\/\/py1yb.com\/index.php?rest_route=\/wp\/v2\/types\/page"}],"author":[{"embeddable":true,"href":"https:\/\/py1yb.com\/index.php?rest_route=\/wp\/v2\/users\/1"}],"replies":[{"embeddable":true,"href":"https:\/\/py1yb.com\/index.php?rest_route=%2Fwp%2Fv2%2Fcomments&post=25"}],"version-history":[{"count":8,"href":"https:\/\/py1yb.com\/index.php?rest_route=\/wp\/v2\/pages\/25\/revisions"}],"predecessor-version":[{"id":377,"href":"https:\/\/py1yb.com\/index.php?rest_route=\/wp\/v2\/pages\/25\/revisions\/377"}],"wp:attachment":[{"href":"https:\/\/py1yb.com\/index.php?rest_route=%2Fwp%2Fv2%2Fmedia&parent=25"}],"curies":[{"name":"wp","href":"https:\/\/api.w.org\/{rel}","templated":true}]}}