{"id":23,"date":"2010-02-18T13:15:05","date_gmt":"2010-02-18T13:15:05","guid":{"rendered":"http:\/\/yankeebravo.com.br\/?page_id=12"},"modified":"2010-03-06T18:02:46","modified_gmt":"2010-03-06T21:02:46","slug":"dicas","status":"publish","type":"page","link":"https:\/\/py1yb.com\/?page_id=23","title":{"rendered":"Dicas"},"content":{"rendered":"<p>Aqui daremos algumas dicas sobre, uso, instala\u00e7\u00e3o, pre\u00e7os e muito mais sobre equipamentos e acess\u00f3rios para radioamador<\/p>\n","protected":false},"excerpt":{"rendered":"<p>Aqui daremos algumas dicas sobre, uso, instala\u00e7\u00e3o, pre\u00e7os e muito mais sobre equipamentos e acess\u00f3rios para radioamador<\/p>\n","protected":false},"author":1,"featured_media":0,"parent":0,"menu_order":4,"comment_status":"open","ping_status":"open","template":"","meta":[],"_links":{"self":[{"href":"https:\/\/py1yb.com\/index.php?rest_route=\/wp\/v2\/pages\/23"}],"collection":[{"href":"https:\/\/py1yb.com\/index.php?rest_route=\/wp\/v2\/pages"}],"about":[{"href":"https:\/\/py1yb.com\/index.php?rest_route=\/wp\/v2\/types\/page"}],"author":[{"embeddable":true,"href":"https:\/\/py1yb.com\/index.php?rest_route=\/wp\/v2\/users\/1"}],"replies":[{"embeddable":true,"href":"https:\/\/py1yb.com\/index.php?rest_route=%2Fwp%2Fv2%2Fcomments&post=23"}],"version-history":[{"count":1,"href":"https:\/\/py1yb.com\/index.php?rest_route=\/wp\/v2\/pages\/23\/revisions"}],"predecessor-version":[{"id":343,"href":"https:\/\/py1yb.com\/index.php?rest_route=\/wp\/v2\/pages\/23\/revisions\/343"}],"wp:attachment":[{"href":"https:\/\/py1yb.com\/index.php?rest_route=%2Fwp%2Fv2%2Fmedia&parent=23"}],"curies":[{"name":"wp","href":"https:\/\/api.w.org\/{rel}","templated":true}]}}