{"id":206,"date":"2010-03-06T06:53:03","date_gmt":"2010-03-06T06:53:03","guid":{"rendered":"http:\/\/yankeebravo.com.br\/?page_id=206"},"modified":"2010-06-04T20:19:25","modified_gmt":"2010-06-04T23:19:25","slug":"legislacaodocumentacao","status":"publish","type":"page","link":"https:\/\/py1yb.com\/?page_id=206","title":{"rendered":"SOBRE LEGISLA\u00c7\u00c3O\/DOCUMENTA\u00c7\u00c3O\/FISCALIZA\u00c7\u00c3O"},"content":{"rendered":"<p>Em breve abordaremos o assunto fiscaliza\u00e7\u00e3o, como agir, seus direitos, seus deveres&#8230;<\/p>\n","protected":false},"excerpt":{"rendered":"<p>Em breve abordaremos o assunto fiscaliza\u00e7\u00e3o, como agir, seus direitos, seus deveres&#8230;<\/p>\n","protected":false},"author":3,"featured_media":0,"parent":23,"menu_order":6,"comment_status":"open","ping_status":"open","template":"","meta":[],"_links":{"self":[{"href":"https:\/\/py1yb.com\/index.php?rest_route=\/wp\/v2\/pages\/206"}],"collection":[{"href":"https:\/\/py1yb.com\/index.php?rest_route=\/wp\/v2\/pages"}],"about":[{"href":"https:\/\/py1yb.com\/index.php?rest_route=\/wp\/v2\/types\/page"}],"author":[{"embeddable":true,"href":"https:\/\/py1yb.com\/index.php?rest_route=\/wp\/v2\/users\/3"}],"replies":[{"embeddable":true,"href":"https:\/\/py1yb.com\/index.php?rest_route=%2Fwp%2Fv2%2Fcomments&post=206"}],"version-history":[{"count":4,"href":"https:\/\/py1yb.com\/index.php?rest_route=\/wp\/v2\/pages\/206\/revisions"}],"predecessor-version":[{"id":884,"href":"https:\/\/py1yb.com\/index.php?rest_route=\/wp\/v2\/pages\/206\/revisions\/884"}],"up":[{"embeddable":true,"href":"https:\/\/py1yb.com\/index.php?rest_route=\/wp\/v2\/pages\/23"}],"wp:attachment":[{"href":"https:\/\/py1yb.com\/index.php?rest_route=%2Fwp%2Fv2%2Fmedia&parent=206"}],"curies":[{"name":"wp","href":"https:\/\/api.w.org\/{rel}","templated":true}]}}