{"id":156,"date":"2010-03-06T04:00:27","date_gmt":"2010-03-06T04:00:27","guid":{"rendered":"http:\/\/yankeebravo.com.br\/?page_id=156"},"modified":"2019-09-22T02:52:40","modified_gmt":"2019-09-22T05:52:40","slug":"montagem-de-antenas","status":"publish","type":"page","link":"https:\/\/py1yb.com\/?page_id=156","title":{"rendered":"MONTAGEM DE ANTENAS"},"content":{"rendered":"<p><img loading=\"lazy\" title=\"1\" src=\"http:\/\/py1yb.com\/wp-content\/uploads\/2010\/03\/156.jpg\" alt=\"\" width=\"116\" height=\"45\" \/><\/p>\n<p>Mais uma montagem de antena STEPP IR, dessa vez uma 3E40 doPY1KN<\/p>\n<div><a href=\"https:\/\/picasaweb.google.com\/117467182465473872480\/STEPPIR3E40\">https:\/\/picasaweb.google.com\/117467182465473872480\/STEPPIR3E40<\/a><\/div>\n<div><\/div>\n<div>\u00a0<img loading=\"lazy\" title=\"1\" src=\"http:\/\/py1yb.com\/wp-content\/uploads\/2010\/03\/156.jpg\" alt=\"\" width=\"116\" height=\"45\" \/><\/div>\n<p>Neste link\u00a0 voce ser\u00e1 redirecionado para o album do PICASA onde acompanha a montagem de torre e\u00a0antena\u00a0 STEPP IR DREAM BEAM 18 E\u00a0 do PY2WAS<\/p>\n<p><a href=\"https:\/\/picasaweb.google.com\/117467182465473872480\/STTEPIRDreamBeam18E#5628718246493664258\">https:\/\/picasaweb.google.com\/117467182465473872480\/STTEPIRDreamBeam18E#5628718246493664258<\/a><\/p>\n<p><img loading=\"lazy\" title=\"1\" src=\"http:\/\/py1yb.com\/wp-content\/uploads\/2010\/03\/156.jpg\" alt=\"\" width=\"116\" height=\"45\" \/><\/p>\n<p>Neste link voc\u00ea ser\u00e1 redirecionado para o meu album no picasa, onde poder\u00e1 acompanhar a montagem de uma torre, rotor e duas antenas direcionais para 40 e 20, 15 e 10. Uma montagem com todo cuidado, com materiais de primeira, parafusos de inox etc&#8230;\u00a0 Torre e antenas PY1BR<\/p>\n<p><a href=\"http:\/\/py1yb.com\/wp-content\/uploads\/2010\/03\/156.jpg\"><img loading=\"lazy\" class=\"aligncenter size-full wp-image-554\" title=\"1\" src=\"http:\/\/py1yb.com\/wp-content\/uploads\/2010\/03\/156.jpg\" alt=\"\" width=\"116\" height=\"45\" \/><\/a><\/p>\n<p><a href=\"https:\/\/get.google.com\/albumarchive\/109110593555229254959\/album\/AF1QipOHDiiRhj1kyz6jvsrHvOq0l3W0W2RaNOYTE-eI\">https:\/\/get.google.com\/albumarchive\/109110593555229254959\/album\/AF1QipOHDiiRhj1kyz6jvsrHvOq0l3W0W2RaNOYTE-eI<\/a><\/p>\n<p><a href=\"http:\/\/py1yb.com\/wp-content\/uploads\/2010\/03\/1125.jpg\"><img loading=\"lazy\" class=\"aligncenter size-full wp-image-822\" title=\"1\" src=\"http:\/\/py1yb.com\/wp-content\/uploads\/2010\/03\/1125.jpg\" alt=\"\" width=\"116\" height=\"45\" \/><\/a><\/p>\n<p>Neste link voce acompanha a montagem de uma vertical de HF, antenas de VHF\/UHF, tambem com parafusos em INOX, identifica\u00e7\u00e3o de cabos etc..<\/p>\n<p><a href=\"http:\/\/py1yb.com\/wp-content\/uploads\/2010\/03\/1126.jpg\"><img loading=\"lazy\" class=\"aligncenter size-full wp-image-823\" title=\"1\" src=\"http:\/\/py1yb.com\/wp-content\/uploads\/2010\/03\/1126.jpg\" alt=\"\" width=\"116\" height=\"45\" \/><\/a><\/p>\n<p><a href=\"https:\/\/get.google.com\/albumarchive\/109110593555229254959\/album\/AF1QipOOJjbYceeHSmyxzhdY-g-WYl7GVx5jNrb69nJU\">https:\/\/get.google.com\/albumarchive\/109110593555229254959\/album\/AF1QipOOJjbYceeHSmyxzhdY-g-WYl7GVx5jNrb69nJU<\/a><a href=\"https:\/\/get.google.com\/albumarchive\/109110593555229254959\/album\/AF1QipOOJjbYceeHSmyxzhdY-g-WYl7GVx5jNrb69nJU\">montagem das antenas do PY1VH<\/a><\/p>\n<p><img loading=\"lazy\" title=\"1\" src=\"http:\/\/py1yb.com\/wp-content\/uploads\/2010\/03\/1126.jpg\" alt=\"\" width=\"116\" height=\"45\" \/><\/p>\n<p>Neste link voce acompanha a montagem das\u00a0 antenas\u00a0 do PY1ON<\/p>\n<p><a href=\"https:\/\/picasaweb.google.com\/109110593555229254959\/MontagemDeAntenasDePY1ONLinneu\">https:\/\/picasaweb.google.com\/109110593555229254959\/MontagemDeAntenasDePY1ONLinneu<\/a>#<\/p>\n","protected":false},"excerpt":{"rendered":"<p>Mais uma montagem de antena STEPP IR, dessa vez uma 3E40 doPY1KN https:\/\/picasaweb.google.com\/117467182465473872480\/STEPPIR3E40 \u00a0 Neste link\u00a0 voce ser\u00e1 redirecionado para o album do PICASA onde acompanha a montagem de torre e\u00a0antena\u00a0 STEPP IR DREAM BEAM 18 E\u00a0 do PY2WAS https:\/\/picasaweb.google.com\/117467182465473872480\/STTEPIRDreamBeam18E#5628718246493664258 Neste link voc\u00ea ser\u00e1 redirecionado para o meu album no picasa, onde poder\u00e1 acompanhar a [&hellip;]<\/p>\n","protected":false},"author":3,"featured_media":0,"parent":21,"menu_order":6,"comment_status":"open","ping_status":"open","template":"","meta":[],"_links":{"self":[{"href":"https:\/\/py1yb.com\/index.php?rest_route=\/wp\/v2\/pages\/156"}],"collection":[{"href":"https:\/\/py1yb.com\/index.php?rest_route=\/wp\/v2\/pages"}],"about":[{"href":"https:\/\/py1yb.com\/index.php?rest_route=\/wp\/v2\/types\/page"}],"author":[{"embeddable":true,"href":"https:\/\/py1yb.com\/index.php?rest_route=\/wp\/v2\/users\/3"}],"replies":[{"embeddable":true,"href":"https:\/\/py1yb.com\/index.php?rest_route=%2Fwp%2Fv2%2Fcomments&post=156"}],"version-history":[{"count":17,"href":"https:\/\/py1yb.com\/index.php?rest_route=\/wp\/v2\/pages\/156\/revisions"}],"predecessor-version":[{"id":2244,"href":"https:\/\/py1yb.com\/index.php?rest_route=\/wp\/v2\/pages\/156\/revisions\/2244"}],"up":[{"embeddable":true,"href":"https:\/\/py1yb.com\/index.php?rest_route=\/wp\/v2\/pages\/21"}],"wp:attachment":[{"href":"https:\/\/py1yb.com\/index.php?rest_route=%2Fwp%2Fv2%2Fmedia&parent=156"}],"curies":[{"name":"wp","href":"https:\/\/api.w.org\/{rel}","templated":true}]}}