{"id":152,"date":"2010-03-06T03:57:27","date_gmt":"2010-03-06T03:57:27","guid":{"rendered":"http:\/\/yankeebravo.com.br\/?page_id=152"},"modified":"2010-03-07T17:42:59","modified_gmt":"2010-03-07T20:42:59","slug":"restauracao-de-equipamentos-e-pintura","status":"publish","type":"page","link":"https:\/\/py1yb.com\/?page_id=152","title":{"rendered":"RESTAURA\u00c7\u00c3O DE ANTENAS"},"content":{"rendered":"<p>Recupera\u00e7\u00e3o de uma CX333 da Comet, a antena quebrou no transporte.<\/p>\n<p><a href=\"http:\/\/py1yb.com\/wp-content\/uploads\/2010\/03\/135.jpg\"><img loading=\"lazy\" class=\"aligncenter size-full wp-image-496\" title=\"1\" src=\"http:\/\/py1yb.com\/wp-content\/uploads\/2010\/03\/135.jpg\" alt=\"\" width=\"116\" height=\"45\" \/><\/a><\/p>\n<p><a href=\"http:\/\/py1yb.com\/wp-content\/uploads\/2010\/03\/CX333-01.jpg\"><img loading=\"lazy\" class=\"aligncenter size-medium wp-image-497\" title=\"CX333 01\" src=\"http:\/\/py1yb.com\/wp-content\/uploads\/2010\/03\/CX333-01-225x300.jpg\" alt=\"\" width=\"225\" height=\"300\" srcset=\"https:\/\/py1yb.com\/wp-content\/uploads\/2010\/03\/CX333-01-225x300.jpg 225w, https:\/\/py1yb.com\/wp-content\/uploads\/2010\/03\/CX333-01.jpg 480w\" sizes=\"(max-width: 225px) 100vw, 225px\" \/><\/a><\/p>\n<p><a href=\"http:\/\/py1yb.com\/wp-content\/uploads\/2010\/03\/143.jpg\"><img loading=\"lazy\" class=\"aligncenter size-full wp-image-520\" title=\"1\" src=\"http:\/\/py1yb.com\/wp-content\/uploads\/2010\/03\/143.jpg\" alt=\"\" width=\"116\" height=\"45\" \/><\/a><\/p>\n<p><a href=\"http:\/\/py1yb.com\/wp-content\/uploads\/2010\/03\/CX333-09.jpg\"><img loading=\"lazy\" class=\"aligncenter size-medium wp-image-498\" title=\"CX333 09\" src=\"http:\/\/py1yb.com\/wp-content\/uploads\/2010\/03\/CX333-09-225x300.jpg\" alt=\"\" width=\"225\" height=\"300\" srcset=\"https:\/\/py1yb.com\/wp-content\/uploads\/2010\/03\/CX333-09-225x300.jpg 225w, https:\/\/py1yb.com\/wp-content\/uploads\/2010\/03\/CX333-09.jpg 480w\" sizes=\"(max-width: 225px) 100vw, 225px\" \/><\/a><\/p>\n<p><a href=\"http:\/\/py1yb.com\/wp-content\/uploads\/2010\/03\/136.jpg\"><img loading=\"lazy\" class=\"aligncenter size-full wp-image-499\" title=\"1\" src=\"http:\/\/py1yb.com\/wp-content\/uploads\/2010\/03\/136.jpg\" alt=\"\" width=\"116\" height=\"45\" \/><\/a><\/p>\n<p>As duas partes da antena sofreram forte tor\u00e7\u00e3o e quebraram a fibra.<\/p>\n<p>Por dentro os elementos tambem amassaram, felizmente nao foi um dano total. Foi apenas necess\u00e1rio desamassar\u00a0 e resoldar os capaciotres na base.<\/p>\n<p><a href=\"http:\/\/py1yb.com\/wp-content\/uploads\/2010\/03\/CX333-03.jpg\"><img loading=\"lazy\" class=\"aligncenter size-medium wp-image-500\" title=\"CX333 03\" src=\"http:\/\/py1yb.com\/wp-content\/uploads\/2010\/03\/CX333-03-225x300.jpg\" alt=\"\" width=\"225\" height=\"300\" srcset=\"https:\/\/py1yb.com\/wp-content\/uploads\/2010\/03\/CX333-03-225x300.jpg 225w, https:\/\/py1yb.com\/wp-content\/uploads\/2010\/03\/CX333-03.jpg 480w\" sizes=\"(max-width: 225px) 100vw, 225px\" \/><\/a><\/p>\n<p><a href=\"http:\/\/py1yb.com\/wp-content\/uploads\/2010\/03\/142.jpg\"><img loading=\"lazy\" class=\"aligncenter size-full wp-image-518\" title=\"1\" src=\"http:\/\/py1yb.com\/wp-content\/uploads\/2010\/03\/142.jpg\" alt=\"\" width=\"116\" height=\"45\" \/><\/a><\/p>\n<p><a href=\"http:\/\/py1yb.com\/wp-content\/uploads\/2010\/03\/CX333-06.jpg\"><img loading=\"lazy\" class=\"aligncenter size-medium wp-image-501\" title=\"CX333 06\" src=\"http:\/\/py1yb.com\/wp-content\/uploads\/2010\/03\/CX333-06-225x300.jpg\" alt=\"\" width=\"225\" height=\"300\" srcset=\"https:\/\/py1yb.com\/wp-content\/uploads\/2010\/03\/CX333-06-225x300.jpg 225w, https:\/\/py1yb.com\/wp-content\/uploads\/2010\/03\/CX333-06.jpg 480w\" sizes=\"(max-width: 225px) 100vw, 225px\" \/><\/a><\/p>\n<p><a href=\"http:\/\/py1yb.com\/wp-content\/uploads\/2010\/03\/144.jpg\"><img loading=\"lazy\" class=\"aligncenter size-full wp-image-521\" title=\"1\" src=\"http:\/\/py1yb.com\/wp-content\/uploads\/2010\/03\/144.jpg\" alt=\"\" width=\"116\" height=\"45\" \/><\/a><\/p>\n<p><a href=\"http:\/\/py1yb.com\/wp-content\/uploads\/2010\/03\/CX333-08.jpg\"><img loading=\"lazy\" class=\"aligncenter size-medium wp-image-502\" title=\"CX333 08\" src=\"http:\/\/py1yb.com\/wp-content\/uploads\/2010\/03\/CX333-08-225x300.jpg\" alt=\"\" width=\"225\" height=\"300\" srcset=\"https:\/\/py1yb.com\/wp-content\/uploads\/2010\/03\/CX333-08-225x300.jpg 225w, https:\/\/py1yb.com\/wp-content\/uploads\/2010\/03\/CX333-08.jpg 480w\" sizes=\"(max-width: 225px) 100vw, 225px\" \/><\/a>Em seguida, depois de\u00a0 recuperar a parte interna,\u00a0montamos a antena sem o casulo de fibra para testar.Pendurada por uma corda de\u00a0nylon usando uma vertical maritima como mastro a antena foi testada\u00a0nas tr\u00eas bandas e o comportamento se mostrou normal. Portanto valia a pena continuar o reparo.<\/p>\n<p><a href=\"http:\/\/py1yb.com\/wp-content\/uploads\/2010\/03\/CX333-010.jpg\"><img loading=\"lazy\" class=\"aligncenter size-medium wp-image-504\" title=\"CX333 010\" src=\"http:\/\/py1yb.com\/wp-content\/uploads\/2010\/03\/CX333-010-225x300.jpg\" alt=\"\" width=\"225\" height=\"300\" srcset=\"https:\/\/py1yb.com\/wp-content\/uploads\/2010\/03\/CX333-010-225x300.jpg 225w, https:\/\/py1yb.com\/wp-content\/uploads\/2010\/03\/CX333-010.jpg 480w\" sizes=\"(max-width: 225px) 100vw, 225px\" \/><\/a><a href=\"http:\/\/py1yb.com\/wp-content\/uploads\/2010\/03\/138.jpg\"><img loading=\"lazy\" class=\"aligncenter size-full wp-image-505\" title=\"1\" src=\"http:\/\/py1yb.com\/wp-content\/uploads\/2010\/03\/138.jpg\" alt=\"\" width=\"116\" height=\"45\" \/><\/a>Como o casulo \u00e9 um pouco maior que o necess\u00e1rio, foi possivel cortar a parte despeda\u00e7ada da fibra. Um tubinho de fibra bem fino em espessura porem forte para garantir a resistencia da emenda e n\u00e3o impedir a passagem do elemento da antena \u00e9 colocada com resina por dentro do tubo.<\/p>\n<p><a href=\"http:\/\/py1yb.com\/wp-content\/uploads\/2010\/03\/CX333-012.jpg\"><img loading=\"lazy\" class=\"aligncenter size-medium wp-image-506\" title=\"CX333 012\" src=\"http:\/\/py1yb.com\/wp-content\/uploads\/2010\/03\/CX333-012-300x225.jpg\" alt=\"\" width=\"300\" height=\"225\" srcset=\"https:\/\/py1yb.com\/wp-content\/uploads\/2010\/03\/CX333-012-300x225.jpg 300w, https:\/\/py1yb.com\/wp-content\/uploads\/2010\/03\/CX333-012.jpg 640w\" sizes=\"(max-width: 300px) 100vw, 300px\" \/><\/a><a href=\"http:\/\/py1yb.com\/wp-content\/uploads\/2010\/03\/CX333-0131.jpg\"><img loading=\"lazy\" class=\"aligncenter size-medium wp-image-509\" title=\"CX333 013\" src=\"http:\/\/py1yb.com\/wp-content\/uploads\/2010\/03\/CX333-0131-225x300.jpg\" alt=\"\" width=\"225\" height=\"300\" srcset=\"https:\/\/py1yb.com\/wp-content\/uploads\/2010\/03\/CX333-0131-225x300.jpg 225w, https:\/\/py1yb.com\/wp-content\/uploads\/2010\/03\/CX333-0131.jpg 480w\" sizes=\"(max-width: 225px) 100vw, 225px\" \/><\/a>\u00a0Em seguida desbasta-se um pouco a fibra, aplica-se uma camada bem fina de manta e resina pra garantir e refor\u00e7ar por fora, aplica-se massa epox e lixa at\u00e9 acertar as paredes externas e deixar pronta para aplica\u00e7\u00e3o da tinta. Branco PU<\/p>\n<p><a href=\"http:\/\/py1yb.com\/wp-content\/uploads\/2010\/03\/CX333-018.jpg\"><img loading=\"lazy\" class=\"aligncenter size-medium wp-image-510\" title=\"CX333 018\" src=\"http:\/\/py1yb.com\/wp-content\/uploads\/2010\/03\/CX333-018-225x300.jpg\" alt=\"\" width=\"225\" height=\"300\" srcset=\"https:\/\/py1yb.com\/wp-content\/uploads\/2010\/03\/CX333-018-225x300.jpg 225w, https:\/\/py1yb.com\/wp-content\/uploads\/2010\/03\/CX333-018.jpg 480w\" sizes=\"(max-width: 225px) 100vw, 225px\" \/><\/a><\/p>\n<p>e agora a pe\u00e7a pintada<\/p>\n<p><a href=\"http:\/\/py1yb.com\/wp-content\/uploads\/2010\/03\/CX333-020.jpg\"><img loading=\"lazy\" class=\"aligncenter size-medium wp-image-511\" title=\"CX333 020\" src=\"http:\/\/py1yb.com\/wp-content\/uploads\/2010\/03\/CX333-020-225x300.jpg\" alt=\"\" width=\"225\" height=\"300\" srcset=\"https:\/\/py1yb.com\/wp-content\/uploads\/2010\/03\/CX333-020-225x300.jpg 225w, https:\/\/py1yb.com\/wp-content\/uploads\/2010\/03\/CX333-020.jpg 480w\" sizes=\"(max-width: 225px) 100vw, 225px\" \/><\/a><\/p>\n<p><a href=\"http:\/\/py1yb.com\/wp-content\/uploads\/2010\/03\/139.jpg\"><img loading=\"lazy\" class=\"aligncenter size-full wp-image-512\" title=\"1\" src=\"http:\/\/py1yb.com\/wp-content\/uploads\/2010\/03\/139.jpg\" alt=\"\" width=\"116\" height=\"45\" \/><\/a><\/p>\n<p>Finalmente os testes j\u00e1 com a antena toda montada.<\/p>\n<p><a href=\"http:\/\/py1yb.com\/wp-content\/uploads\/2010\/03\/CX333-023-Teste-final.jpg\"><img loading=\"lazy\" class=\"aligncenter size-medium wp-image-513\" title=\"CX333 023 - Teste final\" src=\"http:\/\/py1yb.com\/wp-content\/uploads\/2010\/03\/CX333-023-Teste-final-225x300.jpg\" alt=\"\" width=\"225\" height=\"300\" srcset=\"https:\/\/py1yb.com\/wp-content\/uploads\/2010\/03\/CX333-023-Teste-final-225x300.jpg 225w, https:\/\/py1yb.com\/wp-content\/uploads\/2010\/03\/CX333-023-Teste-final.jpg 480w\" sizes=\"(max-width: 225px) 100vw, 225px\" \/><\/a><\/p>\n<p><a href=\"http:\/\/py1yb.com\/wp-content\/uploads\/2010\/03\/140.jpg\"><img loading=\"lazy\" class=\"aligncenter size-full wp-image-514\" title=\"1\" src=\"http:\/\/py1yb.com\/wp-content\/uploads\/2010\/03\/140.jpg\" alt=\"\" width=\"116\" height=\"45\" \/><\/a><\/p>\n<p>Retorno de ROE em VHF com 50W na direta, usando rolha de 10W<\/p>\n<p><a href=\"http:\/\/py1yb.com\/wp-content\/uploads\/2010\/03\/CX333-025-ROE-VHF.jpg\"><img loading=\"lazy\" class=\"aligncenter size-medium wp-image-515\" title=\"CX333 025 - ROE VHF\" src=\"http:\/\/py1yb.com\/wp-content\/uploads\/2010\/03\/CX333-025-ROE-VHF-225x300.jpg\" alt=\"\" width=\"225\" height=\"300\" srcset=\"https:\/\/py1yb.com\/wp-content\/uploads\/2010\/03\/CX333-025-ROE-VHF-225x300.jpg 225w, https:\/\/py1yb.com\/wp-content\/uploads\/2010\/03\/CX333-025-ROE-VHF.jpg 480w\" sizes=\"(max-width: 225px) 100vw, 225px\" \/><\/a><\/p>\n","protected":false},"excerpt":{"rendered":"<p>Recupera\u00e7\u00e3o de uma CX333 da Comet, a antena quebrou no transporte. As duas partes da antena sofreram forte tor\u00e7\u00e3o e quebraram a fibra. Por dentro os elementos tambem amassaram, felizmente nao foi um dano total. Foi apenas necess\u00e1rio desamassar\u00a0 e resoldar os capaciotres na base. Em seguida, depois de\u00a0 recuperar a parte interna,\u00a0montamos a antena [&hellip;]<\/p>\n","protected":false},"author":3,"featured_media":0,"parent":21,"menu_order":4,"comment_status":"open","ping_status":"open","template":"","meta":[],"_links":{"self":[{"href":"https:\/\/py1yb.com\/index.php?rest_route=\/wp\/v2\/pages\/152"}],"collection":[{"href":"https:\/\/py1yb.com\/index.php?rest_route=\/wp\/v2\/pages"}],"about":[{"href":"https:\/\/py1yb.com\/index.php?rest_route=\/wp\/v2\/types\/page"}],"author":[{"embeddable":true,"href":"https:\/\/py1yb.com\/index.php?rest_route=\/wp\/v2\/users\/3"}],"replies":[{"embeddable":true,"href":"https:\/\/py1yb.com\/index.php?rest_route=%2Fwp%2Fv2%2Fcomments&post=152"}],"version-history":[{"count":9,"href":"https:\/\/py1yb.com\/index.php?rest_route=\/wp\/v2\/pages\/152\/revisions"}],"predecessor-version":[{"id":526,"href":"https:\/\/py1yb.com\/index.php?rest_route=\/wp\/v2\/pages\/152\/revisions\/526"}],"up":[{"embeddable":true,"href":"https:\/\/py1yb.com\/index.php?rest_route=\/wp\/v2\/pages\/21"}],"wp:attachment":[{"href":"https:\/\/py1yb.com\/index.php?rest_route=%2Fwp%2Fv2%2Fmedia&parent=152"}],"curies":[{"name":"wp","href":"https:\/\/api.w.org\/{rel}","templated":true}]}}