{"id":1445,"date":"2011-08-28T19:10:43","date_gmt":"2011-08-28T22:10:43","guid":{"rendered":"http:\/\/py1yb.com\/?page_id=1445"},"modified":"2020-04-12T23:46:07","modified_gmt":"2020-04-13T02:46:07","slug":"estacao-movel-maritima","status":"publish","type":"page","link":"https:\/\/py1yb.com\/?page_id=1445","title":{"rendered":"ESTA\u00c7\u00c3O M\u00d3VEL MAR\u00cdTIMA"},"content":{"rendered":"<p>Al\u00e9m de gostar muito do mar, pescarias e passeios, preciso de uma esta\u00e7\u00e3o de demonstra\u00e7\u00e3o do meu trabalho. Procuro nessa pequena embarca\u00e7\u00e3o ter o m\u00ednimo de equipamentos eficientes e necess\u00e1rios, a fim de demonstrar aos meus clientes o que \u00e9 poss\u00edvel fazer com poucos recursos por\u00e9m numa instala\u00e7\u00e3o bem feita obedecendo crit\u00e9rios t\u00e9cnicos indispens\u00e1veis ao bom funcionamento de uma esta\u00e7\u00e3o m\u00f3vel mar\u00edtima.<\/p>\n<p>Esta\u00e7\u00e3o PQ2764 &#8211; PY1YB\/MM &#8211; \u00a0MMSI 710007610<\/p>\n<p><a href=\"http:\/\/py1yb.com\/wp-content\/uploads\/2011\/08\/1.jpg\"><img loading=\"lazy\" class=\"aligncenter size-full wp-image-1447\" title=\"1\" src=\"http:\/\/py1yb.com\/wp-content\/uploads\/2011\/08\/1.jpg\" alt=\"\" width=\"116\" height=\"45\" \/><\/a><\/p>\n<p><a href=\"http:\/\/py1yb.com\/wp-content\/uploads\/2011\/08\/IMG_8844.jpg\"><img loading=\"lazy\" class=\"aligncenter size-medium wp-image-2193\" src=\"http:\/\/py1yb.com\/wp-content\/uploads\/2011\/08\/IMG_8844-300x200.jpg\" alt=\"IMG_8844\" width=\"300\" height=\"200\" srcset=\"https:\/\/py1yb.com\/wp-content\/uploads\/2011\/08\/IMG_8844-300x200.jpg 300w, https:\/\/py1yb.com\/wp-content\/uploads\/2011\/08\/IMG_8844.jpg 999w\" sizes=\"(max-width: 300px) 100vw, 300px\" \/><\/a><\/p>\n<p><img loading=\"lazy\" title=\"1\" src=\"http:\/\/py1yb.com\/wp-content\/uploads\/2011\/08\/1.jpg\" alt=\"\" width=\"116\" height=\"45\" \/><\/p>\n<p>Nossas antenas:<\/p>\n<p>Vertical mar\u00edtima 6 db<\/p>\n<p>Vertical HAM Diamond dual VUH\/UHF montada no casulo de fibra id\u00eantico a mar\u00edtima<\/p>\n<p>Vertical AIS 3 db<\/p>\n<p>Vertical AM\/FM<\/p>\n<p>HF vertical Hamstick, all band &amp; tuner SGC<\/p>\n<p>GPS ICOM<\/p>\n<p>GPS Matsutec<\/p>\n<p>TV Dig \u00a0banten<\/p>\n<p><a href=\"http:\/\/py1yb.com\/wp-content\/uploads\/2011\/08\/IMG_8848.jpg\"><img loading=\"lazy\" class=\"aligncenter size-medium wp-image-2194\" src=\"http:\/\/py1yb.com\/wp-content\/uploads\/2011\/08\/IMG_8848-300x200.jpg\" alt=\"IMG_8848\" width=\"300\" height=\"200\" srcset=\"https:\/\/py1yb.com\/wp-content\/uploads\/2011\/08\/IMG_8848-300x200.jpg 300w, https:\/\/py1yb.com\/wp-content\/uploads\/2011\/08\/IMG_8848.jpg 999w\" sizes=\"(max-width: 300px) 100vw, 300px\" \/><\/a><\/p>\n<p><img loading=\"lazy\" title=\"1\" src=\"http:\/\/py1yb.com\/wp-content\/uploads\/2011\/08\/1.jpg\" alt=\"\" width=\"116\" height=\"45\" \/><\/p>\n<p>Nossos r\u00e1dios s\u00e3o:<\/p>\n<p>ICOM IC-M 802 SSB HF<\/p>\n<p>ICOM IC-M 504 VHF<\/p>\n<p>ICOM MA-500 TR \u00a0 AIS<\/p>\n<p>ICOM ID-5100 VHF HAM DSTAR<\/p>\n<p>GPS\/SONDA MATSUTEC<\/p>\n<p>CLARION FM &#8211; AM &#8211; Pen drive<\/p>\n<p>TV SANSUNG 22 LCD<\/p>\n<p><img loading=\"lazy\" class=\"aligncenter size-medium wp-image-2294\" src=\"http:\/\/py1yb.com\/wp-content\/uploads\/2020\/04\/painel-YB-300x200.jpg\" alt=\"\" width=\"300\" height=\"200\" srcset=\"https:\/\/py1yb.com\/wp-content\/uploads\/2020\/04\/painel-YB-300x200.jpg 300w, https:\/\/py1yb.com\/wp-content\/uploads\/2020\/04\/painel-YB-768x512.jpg 768w, https:\/\/py1yb.com\/wp-content\/uploads\/2020\/04\/painel-YB-1024x682.jpg 1024w, https:\/\/py1yb.com\/wp-content\/uploads\/2020\/04\/painel-YB.jpg 1280w\" sizes=\"(max-width: 300px) 100vw, 300px\" \/><\/p>\n<p><img loading=\"lazy\" title=\"1\" src=\"http:\/\/py1yb.com\/wp-content\/uploads\/2011\/08\/1.jpg\" alt=\"\" width=\"116\" height=\"45\" \/><\/p>\n<p><img loading=\"lazy\" class=\"aligncenter size-medium wp-image-2295\" src=\"http:\/\/py1yb.com\/wp-content\/uploads\/2020\/04\/IMG_20170228_193019598-300x225.jpg\" alt=\"\" width=\"300\" height=\"225\" srcset=\"https:\/\/py1yb.com\/wp-content\/uploads\/2020\/04\/IMG_20170228_193019598-300x225.jpg 300w, https:\/\/py1yb.com\/wp-content\/uploads\/2020\/04\/IMG_20170228_193019598-768x576.jpg 768w, https:\/\/py1yb.com\/wp-content\/uploads\/2020\/04\/IMG_20170228_193019598-1024x768.jpg 1024w\" sizes=\"(max-width: 300px) 100vw, 300px\" \/><\/p>\n<p>Modulo do ICOM de SSB<\/p>\n<p><img loading=\"lazy\" title=\"1\" src=\"http:\/\/py1yb.com\/wp-content\/uploads\/2011\/08\/1.jpg\" alt=\"\" width=\"116\" height=\"45\" \/><\/p>\n<p><img loading=\"lazy\" class=\"aligncenter size-medium wp-image-2296\" src=\"http:\/\/py1yb.com\/wp-content\/uploads\/2020\/04\/IMG_20170315_194012598-300x225.jpg\" alt=\"\" width=\"300\" height=\"225\" srcset=\"https:\/\/py1yb.com\/wp-content\/uploads\/2020\/04\/IMG_20170315_194012598-300x225.jpg 300w, https:\/\/py1yb.com\/wp-content\/uploads\/2020\/04\/IMG_20170315_194012598-768x576.jpg 768w, https:\/\/py1yb.com\/wp-content\/uploads\/2020\/04\/IMG_20170315_194012598-1024x768.jpg 1024w\" sizes=\"(max-width: 300px) 100vw, 300px\" \/><\/p>\n<p>Acima da calha de cabos do motor, o acoplador SGC<\/p>\n<p><img loading=\"lazy\" title=\"1\" src=\"http:\/\/py1yb.com\/wp-content\/uploads\/2011\/08\/1.jpg\" alt=\"\" width=\"116\" height=\"45\" \/><\/p>\n<p><img loading=\"lazy\" class=\"aligncenter size-medium wp-image-2297\" src=\"http:\/\/py1yb.com\/wp-content\/uploads\/2020\/04\/IMG_8782-300x200.jpg\" alt=\"\" width=\"300\" height=\"200\" srcset=\"https:\/\/py1yb.com\/wp-content\/uploads\/2020\/04\/IMG_8782-300x200.jpg 300w, https:\/\/py1yb.com\/wp-content\/uploads\/2020\/04\/IMG_8782-768x512.jpg 768w, https:\/\/py1yb.com\/wp-content\/uploads\/2020\/04\/IMG_8782-1024x683.jpg 1024w\" sizes=\"(max-width: 300px) 100vw, 300px\" \/><\/p>\n<p>Antena de SSB<\/p>\n<p><img loading=\"lazy\" title=\"1\" src=\"http:\/\/py1yb.com\/wp-content\/uploads\/2011\/08\/1.jpg\" alt=\"\" width=\"116\" height=\"45\" \/><\/p>\n<p><img loading=\"lazy\" class=\"aligncenter size-medium wp-image-2298\" src=\"http:\/\/py1yb.com\/wp-content\/uploads\/2020\/04\/IMG_8834-300x200.jpg\" alt=\"\" width=\"300\" height=\"200\" srcset=\"https:\/\/py1yb.com\/wp-content\/uploads\/2020\/04\/IMG_8834-300x200.jpg 300w, https:\/\/py1yb.com\/wp-content\/uploads\/2020\/04\/IMG_8834-768x512.jpg 768w, https:\/\/py1yb.com\/wp-content\/uploads\/2020\/04\/IMG_8834-1024x683.jpg 1024w\" sizes=\"(max-width: 300px) 100vw, 300px\" \/><\/p>\n<p>Outras antenas&#8230;<\/p>\n","protected":false},"excerpt":{"rendered":"<p>Al\u00e9m de gostar muito do mar, pescarias e passeios, preciso de uma esta\u00e7\u00e3o de demonstra\u00e7\u00e3o do meu trabalho. Procuro nessa pequena embarca\u00e7\u00e3o ter o m\u00ednimo de equipamentos eficientes e necess\u00e1rios, a fim de demonstrar aos meus clientes o que \u00e9 poss\u00edvel fazer com poucos recursos por\u00e9m numa instala\u00e7\u00e3o bem feita obedecendo crit\u00e9rios t\u00e9cnicos indispens\u00e1veis ao [&hellip;]<\/p>\n","protected":false},"author":1,"featured_media":0,"parent":350,"menu_order":3,"comment_status":"open","ping_status":"open","template":"","meta":[],"_links":{"self":[{"href":"https:\/\/py1yb.com\/index.php?rest_route=\/wp\/v2\/pages\/1445"}],"collection":[{"href":"https:\/\/py1yb.com\/index.php?rest_route=\/wp\/v2\/pages"}],"about":[{"href":"https:\/\/py1yb.com\/index.php?rest_route=\/wp\/v2\/types\/page"}],"author":[{"embeddable":true,"href":"https:\/\/py1yb.com\/index.php?rest_route=\/wp\/v2\/users\/1"}],"replies":[{"embeddable":true,"href":"https:\/\/py1yb.com\/index.php?rest_route=%2Fwp%2Fv2%2Fcomments&post=1445"}],"version-history":[{"count":20,"href":"https:\/\/py1yb.com\/index.php?rest_route=\/wp\/v2\/pages\/1445\/revisions"}],"predecessor-version":[{"id":2299,"href":"https:\/\/py1yb.com\/index.php?rest_route=\/wp\/v2\/pages\/1445\/revisions\/2299"}],"up":[{"embeddable":true,"href":"https:\/\/py1yb.com\/index.php?rest_route=\/wp\/v2\/pages\/350"}],"wp:attachment":[{"href":"https:\/\/py1yb.com\/index.php?rest_route=%2Fwp%2Fv2%2Fmedia&parent=1445"}],"curies":[{"name":"wp","href":"https:\/\/api.w.org\/{rel}","templated":true}]}}