{"id":1084,"date":"2010-09-22T15:09:21","date_gmt":"2010-09-22T18:09:21","guid":{"rendered":"http:\/\/py1yb.com\/?page_id=1084"},"modified":"2020-04-12T23:01:20","modified_gmt":"2020-04-13T02:01:20","slug":"estacao-movel-nova","status":"publish","type":"page","link":"https:\/\/py1yb.com\/?page_id=1084","title":{"rendered":"ESTA\u00c7\u00c3O M\u00d3VEL"},"content":{"rendered":"<p>Devido as minhas atividades, atendimentos aos clientes etc, ando muito pelo Rio e tambem viajo com frequencia. Nada melhor que ter uma esta\u00e7\u00e3o m\u00f3vel bem instalada e com bastante recursos para acompanhar e auxiliar nesses momentos.<\/p>\n<p>Minha esta\u00e7\u00e3o m\u00f3vel, consiste em um ICOM IC7000 com acoplador AH-4, antenas para HF\u00a0e uma antena Comet B10 para VHF\/UHF<\/p>\n<p>Veja abaixo detalhes da instala\u00e7\u00e3o:<\/p>\n<p>Esta\u00e7\u00e3o 1<\/p>\n<p><img loading=\"lazy\" title=\"1\" src=\"http:\/\/py1yb.com\/wp-content\/uploads\/2010\/03\/1174.jpg\" alt=\"\" width=\"116\" height=\"45\" \/><\/p>\n<p><img loading=\"lazy\" class=\"aligncenter size-medium wp-image-2284\" src=\"http:\/\/py1yb.com\/wp-content\/uploads\/2020\/04\/1-300x300.jpg\" alt=\"\" width=\"300\" height=\"300\" srcset=\"https:\/\/py1yb.com\/wp-content\/uploads\/2020\/04\/1-300x300.jpg 300w, https:\/\/py1yb.com\/wp-content\/uploads\/2020\/04\/1-150x150.jpg 150w, https:\/\/py1yb.com\/wp-content\/uploads\/2020\/04\/1-768x768.jpg 768w, https:\/\/py1yb.com\/wp-content\/uploads\/2020\/04\/1.jpg 960w\" sizes=\"(max-width: 300px) 100vw, 300px\" \/><\/p>\n<p><img loading=\"lazy\" title=\"1\" src=\"http:\/\/py1yb.com\/wp-content\/uploads\/2010\/03\/1174.jpg\" alt=\"\" width=\"116\" height=\"45\" \/><\/p>\n<p><img loading=\"lazy\" class=\"aligncenter size-medium wp-image-2291\" src=\"http:\/\/py1yb.com\/wp-content\/uploads\/2020\/04\/2-300x300.jpg\" alt=\"\" width=\"300\" height=\"300\" srcset=\"https:\/\/py1yb.com\/wp-content\/uploads\/2020\/04\/2-300x300.jpg 300w, https:\/\/py1yb.com\/wp-content\/uploads\/2020\/04\/2-150x150.jpg 150w, https:\/\/py1yb.com\/wp-content\/uploads\/2020\/04\/2-768x768.jpg 768w, https:\/\/py1yb.com\/wp-content\/uploads\/2020\/04\/2.jpg 960w\" sizes=\"(max-width: 300px) 100vw, 300px\" \/><\/p>\n<p><img loading=\"lazy\" title=\"1\" src=\"http:\/\/py1yb.com\/wp-content\/uploads\/2010\/03\/1174.jpg\" alt=\"\" width=\"116\" height=\"45\" \/><\/p>\n<p><img loading=\"lazy\" class=\"aligncenter size-medium wp-image-2289\" src=\"http:\/\/py1yb.com\/wp-content\/uploads\/2020\/04\/4-300x300.jpg\" alt=\"\" width=\"300\" height=\"300\" srcset=\"https:\/\/py1yb.com\/wp-content\/uploads\/2020\/04\/4-300x300.jpg 300w, https:\/\/py1yb.com\/wp-content\/uploads\/2020\/04\/4-150x150.jpg 150w, https:\/\/py1yb.com\/wp-content\/uploads\/2020\/04\/4-768x768.jpg 768w, https:\/\/py1yb.com\/wp-content\/uploads\/2020\/04\/4.jpg 960w\" sizes=\"(max-width: 300px) 100vw, 300px\" \/><\/p>\n<p><img loading=\"lazy\" title=\"1\" src=\"http:\/\/py1yb.com\/wp-content\/uploads\/2010\/03\/1174.jpg\" alt=\"\" width=\"116\" height=\"45\" \/><\/p>\n<p><img loading=\"lazy\" class=\"aligncenter size-medium wp-image-2290\" src=\"http:\/\/py1yb.com\/wp-content\/uploads\/2020\/04\/3-300x300.jpg\" alt=\"\" width=\"300\" height=\"300\" srcset=\"https:\/\/py1yb.com\/wp-content\/uploads\/2020\/04\/3-300x300.jpg 300w, https:\/\/py1yb.com\/wp-content\/uploads\/2020\/04\/3-150x150.jpg 150w, https:\/\/py1yb.com\/wp-content\/uploads\/2020\/04\/3-768x768.jpg 768w, https:\/\/py1yb.com\/wp-content\/uploads\/2020\/04\/3.jpg 960w\" sizes=\"(max-width: 300px) 100vw, 300px\" \/><\/p>\n<p><img loading=\"lazy\" title=\"1\" src=\"http:\/\/py1yb.com\/wp-content\/uploads\/2010\/03\/1174.jpg\" alt=\"\" width=\"116\" height=\"45\" \/><\/p>\n<p><img loading=\"lazy\" class=\"aligncenter size-medium wp-image-2288\" src=\"http:\/\/py1yb.com\/wp-content\/uploads\/2020\/04\/5-300x300.jpg\" alt=\"\" width=\"300\" height=\"300\" srcset=\"https:\/\/py1yb.com\/wp-content\/uploads\/2020\/04\/5-300x300.jpg 300w, https:\/\/py1yb.com\/wp-content\/uploads\/2020\/04\/5-150x150.jpg 150w, https:\/\/py1yb.com\/wp-content\/uploads\/2020\/04\/5-768x768.jpg 768w, https:\/\/py1yb.com\/wp-content\/uploads\/2020\/04\/5.jpg 960w\" sizes=\"(max-width: 300px) 100vw, 300px\" \/><\/p>\n<p><img loading=\"lazy\" title=\"1\" src=\"http:\/\/py1yb.com\/wp-content\/uploads\/2010\/03\/1174.jpg\" alt=\"\" width=\"116\" height=\"45\" \/><\/p>\n<p><img loading=\"lazy\" class=\"aligncenter size-medium wp-image-2287\" src=\"http:\/\/py1yb.com\/wp-content\/uploads\/2020\/04\/6-300x300.jpg\" alt=\"\" width=\"300\" height=\"300\" srcset=\"https:\/\/py1yb.com\/wp-content\/uploads\/2020\/04\/6-300x300.jpg 300w, https:\/\/py1yb.com\/wp-content\/uploads\/2020\/04\/6-150x150.jpg 150w, https:\/\/py1yb.com\/wp-content\/uploads\/2020\/04\/6-768x768.jpg 768w, https:\/\/py1yb.com\/wp-content\/uploads\/2020\/04\/6.jpg 960w\" sizes=\"(max-width: 300px) 100vw, 300px\" \/><\/p>\n<p><img loading=\"lazy\" title=\"1\" src=\"http:\/\/py1yb.com\/wp-content\/uploads\/2010\/03\/1174.jpg\" alt=\"\" width=\"116\" height=\"45\" \/><\/p>\n<p><img loading=\"lazy\" class=\"aligncenter size-medium wp-image-2286\" src=\"http:\/\/py1yb.com\/wp-content\/uploads\/2020\/04\/7-300x300.jpg\" alt=\"\" width=\"300\" height=\"300\" srcset=\"https:\/\/py1yb.com\/wp-content\/uploads\/2020\/04\/7-300x300.jpg 300w, https:\/\/py1yb.com\/wp-content\/uploads\/2020\/04\/7-150x150.jpg 150w, https:\/\/py1yb.com\/wp-content\/uploads\/2020\/04\/7-768x768.jpg 768w, https:\/\/py1yb.com\/wp-content\/uploads\/2020\/04\/7.jpg 960w\" sizes=\"(max-width: 300px) 100vw, 300px\" \/><\/p>\n<p><img loading=\"lazy\" title=\"1\" src=\"http:\/\/py1yb.com\/wp-content\/uploads\/2010\/03\/1174.jpg\" alt=\"\" width=\"116\" height=\"45\" \/><\/p>\n<p><img loading=\"lazy\" class=\"aligncenter size-medium wp-image-2285\" src=\"http:\/\/py1yb.com\/wp-content\/uploads\/2020\/04\/8-300x300.jpg\" alt=\"\" width=\"300\" height=\"300\" srcset=\"https:\/\/py1yb.com\/wp-content\/uploads\/2020\/04\/8-300x300.jpg 300w, https:\/\/py1yb.com\/wp-content\/uploads\/2020\/04\/8-150x150.jpg 150w, https:\/\/py1yb.com\/wp-content\/uploads\/2020\/04\/8-768x768.jpg 768w, https:\/\/py1yb.com\/wp-content\/uploads\/2020\/04\/8.jpg 960w\" sizes=\"(max-width: 300px) 100vw, 300px\" \/><\/p>\n<p><img loading=\"lazy\" title=\"1\" src=\"http:\/\/py1yb.com\/wp-content\/uploads\/2010\/03\/1174.jpg\" alt=\"\" width=\"116\" height=\"45\" \/><\/p>\n<p>Esta\u00e7\u00e3o 2:<\/p>\n<p><img loading=\"lazy\" title=\"1\" src=\"http:\/\/py1yb.com\/wp-content\/uploads\/2010\/03\/1174.jpg\" alt=\"\" width=\"116\" height=\"45\" \/><\/p>\n<p><a href=\"http:\/\/py1yb.com\/wp-content\/uploads\/2010\/09\/11.jpg\"><img loading=\"lazy\" class=\"aligncenter size-medium wp-image-1144\" title=\"11\" src=\"http:\/\/py1yb.com\/wp-content\/uploads\/2010\/09\/11-300x200.jpg\" alt=\"\" width=\"300\" height=\"200\" srcset=\"https:\/\/py1yb.com\/wp-content\/uploads\/2010\/09\/11-300x200.jpg 300w, https:\/\/py1yb.com\/wp-content\/uploads\/2010\/09\/11.jpg 1024w\" sizes=\"(max-width: 300px) 100vw, 300px\" \/><\/a><\/p>\n<hr \/>\n<p><a href=\"http:\/\/py1yb.com\/wp-content\/uploads\/2010\/09\/Photo22.jpg\"><img loading=\"lazy\" class=\"aligncenter size-medium wp-image-1090\" title=\"Photo2\" src=\"http:\/\/py1yb.com\/wp-content\/uploads\/2010\/09\/Photo22-300x200.jpg\" alt=\"\" width=\"300\" height=\"200\" srcset=\"https:\/\/py1yb.com\/wp-content\/uploads\/2010\/09\/Photo22-300x200.jpg 300w, https:\/\/py1yb.com\/wp-content\/uploads\/2010\/09\/Photo22.jpg 1024w\" sizes=\"(max-width: 300px) 100vw, 300px\" \/><\/a><\/p>\n<hr \/>\n<p>Radio instalado, nenhum furo novo..<\/p>\n<p><a href=\"http:\/\/py1yb.com\/wp-content\/uploads\/2010\/09\/Photo12.jpg\"><img loading=\"lazy\" class=\"aligncenter size-medium wp-image-1091\" title=\"Photo12\" src=\"http:\/\/py1yb.com\/wp-content\/uploads\/2010\/09\/Photo12-300x200.jpg\" alt=\"\" width=\"300\" height=\"200\" srcset=\"https:\/\/py1yb.com\/wp-content\/uploads\/2010\/09\/Photo12-300x200.jpg 300w, https:\/\/py1yb.com\/wp-content\/uploads\/2010\/09\/Photo12.jpg 1024w\" sizes=\"(max-width: 300px) 100vw, 300px\" \/><\/a><\/p>\n<hr \/>\n<p>Cabo de alimenta\u00e7\u00e3o, preso aos cabos do veiculo e descendo junto com os demais pelo mesmo duto de cabos onde descem os cabos do alto-falante, el\u00e9tricos e comando da mala.<\/p>\n<p><a href=\"http:\/\/py1yb.com\/wp-content\/uploads\/2010\/09\/Photo41.jpg\"><img loading=\"lazy\" class=\"aligncenter size-medium wp-image-1092\" title=\"Photo41\" src=\"http:\/\/py1yb.com\/wp-content\/uploads\/2010\/09\/Photo41-300x200.jpg\" alt=\"\" width=\"300\" height=\"200\" srcset=\"https:\/\/py1yb.com\/wp-content\/uploads\/2010\/09\/Photo41-300x200.jpg 300w, https:\/\/py1yb.com\/wp-content\/uploads\/2010\/09\/Photo41.jpg 1024w\" sizes=\"(max-width: 300px) 100vw, 300px\" \/><\/a><\/p>\n<hr \/>\n<p>Suporte de antenas instalados, suporte K400 da Diamond para ambas. Conector UHF para VHF\/UHF e 3\/8&#8243; Quick connection para a de HF<\/p>\n<p><a href=\"http:\/\/py1yb.com\/wp-content\/uploads\/2010\/09\/Photo47.jpg\"><img loading=\"lazy\" class=\"aligncenter size-medium wp-image-1093\" title=\"Photo47\" src=\"http:\/\/py1yb.com\/wp-content\/uploads\/2010\/09\/Photo47-300x200.jpg\" alt=\"\" width=\"300\" height=\"200\" srcset=\"https:\/\/py1yb.com\/wp-content\/uploads\/2010\/09\/Photo47-300x200.jpg 300w, https:\/\/py1yb.com\/wp-content\/uploads\/2010\/09\/Photo47.jpg 1024w\" sizes=\"(max-width: 300px) 100vw, 300px\" \/><\/a><\/p>\n<hr \/>\n<p>Os cabos de antenas descem junto ao chicote eletrico do carro.<\/p>\n<p><a href=\"http:\/\/py1yb.com\/wp-content\/uploads\/2010\/09\/Photo45.jpg\"><img loading=\"lazy\" class=\"aligncenter size-medium wp-image-1094\" title=\"Photo45\" src=\"http:\/\/py1yb.com\/wp-content\/uploads\/2010\/09\/Photo45-200x300.jpg\" alt=\"\" width=\"200\" height=\"300\" srcset=\"https:\/\/py1yb.com\/wp-content\/uploads\/2010\/09\/Photo45-200x300.jpg 200w, https:\/\/py1yb.com\/wp-content\/uploads\/2010\/09\/Photo45.jpg 512w\" sizes=\"(max-width: 200px) 100vw, 200px\" \/><\/a><\/p>\n<hr \/>\n<p>Aterramento da tampa da mala. Muito importante, principalmente para HF. A tampa da mala n\u00e3o tem \u00e1rea suficiente para o plano terra de HF e na maioria dos casos ela n\u00e3o \u00e9 devidamente aterrada por ser basculante e trabalhar\u00a0 em buchas de nylon<\/p>\n<p><a href=\"http:\/\/py1yb.com\/wp-content\/uploads\/2010\/09\/Photo37.jpg\"><img loading=\"lazy\" class=\"aligncenter size-medium wp-image-1095\" title=\"Photo37\" src=\"http:\/\/py1yb.com\/wp-content\/uploads\/2010\/09\/Photo37-300x200.jpg\" alt=\"\" width=\"300\" height=\"200\" srcset=\"https:\/\/py1yb.com\/wp-content\/uploads\/2010\/09\/Photo37-300x200.jpg 300w, https:\/\/py1yb.com\/wp-content\/uploads\/2010\/09\/Photo37.jpg 1024w\" sizes=\"(max-width: 300px) 100vw, 300px\" \/><\/a><\/p>\n<hr \/>\n<p>Antenas ligadas e cabo de alimenta\u00e7\u00e3o conectado. Malha aterrada ao carro, junto com (-) do radio<\/p>\n<p><a href=\"http:\/\/py1yb.com\/wp-content\/uploads\/2010\/09\/Photo29.jpg\"><img loading=\"lazy\" class=\"aligncenter size-medium wp-image-1096\" title=\"Photo29\" src=\"http:\/\/py1yb.com\/wp-content\/uploads\/2010\/09\/Photo29-300x200.jpg\" alt=\"\" width=\"300\" height=\"200\" srcset=\"https:\/\/py1yb.com\/wp-content\/uploads\/2010\/09\/Photo29-300x200.jpg 300w, https:\/\/py1yb.com\/wp-content\/uploads\/2010\/09\/Photo29.jpg 1024w\" sizes=\"(max-width: 300px) 100vw, 300px\" \/><\/a><\/p>\n<hr \/>\n<p>Cabo de RF do acoplador<\/p>\n<p><a href=\"http:\/\/py1yb.com\/wp-content\/uploads\/2010\/09\/Photo14.jpg\"><img loading=\"lazy\" class=\"aligncenter size-medium wp-image-1098\" title=\"Photo14\" src=\"http:\/\/py1yb.com\/wp-content\/uploads\/2010\/09\/Photo14-300x200.jpg\" alt=\"\" width=\"300\" height=\"200\" srcset=\"https:\/\/py1yb.com\/wp-content\/uploads\/2010\/09\/Photo14-300x200.jpg 300w, https:\/\/py1yb.com\/wp-content\/uploads\/2010\/09\/Photo14.jpg 1024w\" sizes=\"(max-width: 300px) 100vw, 300px\" \/><\/a><\/p>\n<hr \/>\n<p>Choke de ferrite no cabo de comando para evitar retornos de RF.<\/p>\n<p><a href=\"http:\/\/py1yb.com\/wp-content\/uploads\/2010\/09\/Photo13.jpg\"><img loading=\"lazy\" class=\"aligncenter size-medium wp-image-1099\" title=\"Photo13\" src=\"http:\/\/py1yb.com\/wp-content\/uploads\/2010\/09\/Photo13-300x200.jpg\" alt=\"\" width=\"300\" height=\"200\" srcset=\"https:\/\/py1yb.com\/wp-content\/uploads\/2010\/09\/Photo13-300x200.jpg 300w, https:\/\/py1yb.com\/wp-content\/uploads\/2010\/09\/Photo13.jpg 1024w\" sizes=\"(max-width: 300px) 100vw, 300px\" \/><\/a><\/p>\n<hr \/>\n<p>Aterramento do acoplador..<\/p>\n<p><a href=\"http:\/\/py1yb.com\/wp-content\/uploads\/2010\/09\/Photo9.jpg\"><img loading=\"lazy\" class=\"aligncenter size-medium wp-image-1101\" title=\"Photo9\" src=\"http:\/\/py1yb.com\/wp-content\/uploads\/2010\/09\/Photo9-300x200.jpg\" alt=\"\" width=\"300\" height=\"200\" srcset=\"https:\/\/py1yb.com\/wp-content\/uploads\/2010\/09\/Photo9-300x200.jpg 300w, https:\/\/py1yb.com\/wp-content\/uploads\/2010\/09\/Photo9.jpg 1024w\" sizes=\"(max-width: 300px) 100vw, 300px\" \/><\/a><\/p>\n<hr \/>\n<p>Acoplador instalado, foi necess\u00e1rio fazer dois suportes para aproveitar os furos originais da mala.<\/p>\n<p><a href=\"http:\/\/py1yb.com\/wp-content\/uploads\/2010\/09\/Photo43.jpg\"><img loading=\"lazy\" class=\"aligncenter size-medium wp-image-1102\" title=\"Photo43\" src=\"http:\/\/py1yb.com\/wp-content\/uploads\/2010\/09\/Photo43-300x200.jpg\" alt=\"\" width=\"300\" height=\"200\" srcset=\"https:\/\/py1yb.com\/wp-content\/uploads\/2010\/09\/Photo43-300x200.jpg 300w, https:\/\/py1yb.com\/wp-content\/uploads\/2010\/09\/Photo43.jpg 1024w\" sizes=\"(max-width: 300px) 100vw, 300px\" \/><\/a><\/p>\n<hr \/>\n<p>Na mala,\u00a0tudo pronto.. antenas 80 a 6 metros, manipulador, ferramentas, HT&#8230;<\/p>\n<p><a href=\"http:\/\/py1yb.com\/wp-content\/uploads\/2010\/09\/Photo42.jpg\"><img loading=\"lazy\" class=\"aligncenter size-medium wp-image-1104\" title=\"Photo42\" src=\"http:\/\/py1yb.com\/wp-content\/uploads\/2010\/09\/Photo42-300x200.jpg\" alt=\"\" width=\"300\" height=\"200\" srcset=\"https:\/\/py1yb.com\/wp-content\/uploads\/2010\/09\/Photo42-300x200.jpg 300w, https:\/\/py1yb.com\/wp-content\/uploads\/2010\/09\/Photo42.jpg 1024w\" sizes=\"(max-width: 300px) 100vw, 300px\" \/><\/a><\/p>\n<hr \/>\n<p>Antena port\u00e1til. Unifilar com 15 metros. Muito boa para opera\u00e7\u00f5es port\u00e1teis.<\/p>\n<p><a href=\"http:\/\/py1yb.com\/wp-content\/uploads\/2010\/09\/Photo46.jpg\"><img loading=\"lazy\" class=\"aligncenter size-medium wp-image-1105\" title=\"Photo46\" src=\"http:\/\/py1yb.com\/wp-content\/uploads\/2010\/09\/Photo46-300x200.jpg\" alt=\"\" width=\"300\" height=\"200\" srcset=\"https:\/\/py1yb.com\/wp-content\/uploads\/2010\/09\/Photo46-300x200.jpg 300w, https:\/\/py1yb.com\/wp-content\/uploads\/2010\/09\/Photo46.jpg 1024w\" sizes=\"(max-width: 300px) 100vw, 300px\" \/><\/a><\/p>\n<hr \/>\n<p>Prosseguindo com a passagem de cabos para a frente..<\/p>\n<p><a href=\"http:\/\/py1yb.com\/wp-content\/uploads\/2010\/09\/Photo151.jpg\"><img loading=\"lazy\" class=\"aligncenter size-medium wp-image-1108\" title=\"Photo15\" src=\"http:\/\/py1yb.com\/wp-content\/uploads\/2010\/09\/Photo151-300x200.jpg\" alt=\"\" width=\"300\" height=\"200\" srcset=\"https:\/\/py1yb.com\/wp-content\/uploads\/2010\/09\/Photo151-300x200.jpg 300w, https:\/\/py1yb.com\/wp-content\/uploads\/2010\/09\/Photo151.jpg 1024w\" sizes=\"(max-width: 300px) 100vw, 300px\" \/><\/a><\/p>\n<hr \/>\n<p>Passagem dos cabos de comando do radio pelo console..<\/p>\n<p><a href=\"http:\/\/py1yb.com\/wp-content\/uploads\/2010\/09\/Photo17.jpg\"><img loading=\"lazy\" class=\"aligncenter size-medium wp-image-1110\" title=\"Photo17\" src=\"http:\/\/py1yb.com\/wp-content\/uploads\/2010\/09\/Photo17-300x200.jpg\" alt=\"\" width=\"300\" height=\"200\" srcset=\"https:\/\/py1yb.com\/wp-content\/uploads\/2010\/09\/Photo17-300x200.jpg 300w, https:\/\/py1yb.com\/wp-content\/uploads\/2010\/09\/Photo17.jpg 1024w\" sizes=\"(max-width: 300px) 100vw, 300px\" \/><\/a><\/p>\n<hr \/>\n<p>Agora hora de decidir onde colocar a frente&#8230;<\/p>\n<p><a href=\"http:\/\/py1yb.com\/wp-content\/uploads\/2010\/09\/Photo18.jpg\"><img loading=\"lazy\" class=\"aligncenter size-medium wp-image-1112\" title=\"Photo18\" src=\"http:\/\/py1yb.com\/wp-content\/uploads\/2010\/09\/Photo18-300x200.jpg\" alt=\"\" width=\"300\" height=\"200\" srcset=\"https:\/\/py1yb.com\/wp-content\/uploads\/2010\/09\/Photo18-300x200.jpg 300w, https:\/\/py1yb.com\/wp-content\/uploads\/2010\/09\/Photo18.jpg 1024w\" sizes=\"(max-width: 300px) 100vw, 300px\" \/><\/a><\/p>\n<hr \/>\n<p>Uma pausa nessa parte e vamos cuidar do cabo de DC, onde ficar\u00e1????<\/p>\n<p><a href=\"http:\/\/py1yb.com\/wp-content\/uploads\/2010\/09\/Photo48.jpg\"><img loading=\"lazy\" class=\"aligncenter size-medium wp-image-1113\" title=\"Photo48\" src=\"http:\/\/py1yb.com\/wp-content\/uploads\/2010\/09\/Photo48-300x200.jpg\" alt=\"\" width=\"300\" height=\"200\" srcset=\"https:\/\/py1yb.com\/wp-content\/uploads\/2010\/09\/Photo48-300x200.jpg 300w, https:\/\/py1yb.com\/wp-content\/uploads\/2010\/09\/Photo48.jpg 1024w\" sizes=\"(max-width: 300px) 100vw, 300px\" \/><\/a><\/p>\n<hr \/>\n<p>Aqui est\u00e1 ele, escondido dentro da caixa de fus\u00edveis geral, ligado direto ao cabo geral com fus\u00edvel de 100A. O negativo ligado ao chassis por um terminal e um parafuso original do carro<\/p>\n<p><a href=\"http:\/\/py1yb.com\/wp-content\/uploads\/2010\/09\/Photo50.jpg\"><img loading=\"lazy\" class=\"aligncenter size-medium wp-image-1114\" title=\"Photo50\" src=\"http:\/\/py1yb.com\/wp-content\/uploads\/2010\/09\/Photo50-300x200.jpg\" alt=\"\" width=\"300\" height=\"200\" srcset=\"https:\/\/py1yb.com\/wp-content\/uploads\/2010\/09\/Photo50-300x200.jpg 300w, https:\/\/py1yb.com\/wp-content\/uploads\/2010\/09\/Photo50.jpg 1024w\" sizes=\"(max-width: 300px) 100vw, 300px\" \/><\/a><\/p>\n<hr \/>\n<p>Voltando ao interior.. Esse lugar parace bom, Ser\u00e1 que vai dar??<\/p>\n<p><a href=\"http:\/\/py1yb.com\/wp-content\/uploads\/2010\/09\/Photo231.jpg\"><img loading=\"lazy\" class=\"aligncenter size-medium wp-image-1117\" title=\"Photo23\" src=\"http:\/\/py1yb.com\/wp-content\/uploads\/2010\/09\/Photo231-300x200.jpg\" alt=\"\" width=\"300\" height=\"200\" srcset=\"https:\/\/py1yb.com\/wp-content\/uploads\/2010\/09\/Photo231-300x200.jpg 300w, https:\/\/py1yb.com\/wp-content\/uploads\/2010\/09\/Photo231.jpg 1024w\" sizes=\"(max-width: 300px) 100vw, 300px\" \/><\/a><\/p>\n<hr \/>\n<p>Pena, meio apertado, faltou um pouquinho&#8230;<\/p>\n<p><a href=\"http:\/\/py1yb.com\/wp-content\/uploads\/2010\/09\/Photo211.jpg\"><img loading=\"lazy\" class=\"aligncenter size-medium wp-image-1119\" title=\"Photo21\" src=\"http:\/\/py1yb.com\/wp-content\/uploads\/2010\/09\/Photo211-300x200.jpg\" alt=\"\" width=\"300\" height=\"200\" srcset=\"https:\/\/py1yb.com\/wp-content\/uploads\/2010\/09\/Photo211-300x200.jpg 300w, https:\/\/py1yb.com\/wp-content\/uploads\/2010\/09\/Photo211.jpg 1024w\" sizes=\"(max-width: 300px) 100vw, 300px\" \/><\/a><\/p>\n<hr \/>\n<p>Depois de umas medidas, cortes e ajustes..<\/p>\n<p><a href=\"http:\/\/py1yb.com\/wp-content\/uploads\/2010\/09\/Photo221.jpg\"><img loading=\"lazy\" class=\"aligncenter size-medium wp-image-1120\" title=\"Photo22\" src=\"http:\/\/py1yb.com\/wp-content\/uploads\/2010\/09\/Photo221-300x200.jpg\" alt=\"\" width=\"300\" height=\"200\" srcset=\"https:\/\/py1yb.com\/wp-content\/uploads\/2010\/09\/Photo221-300x200.jpg 300w, https:\/\/py1yb.com\/wp-content\/uploads\/2010\/09\/Photo221.jpg 1024w\" sizes=\"(max-width: 300px) 100vw, 300px\" \/><\/a><\/p>\n<hr \/>\n<p>Nesta semana completei a instala\u00e7\u00e3o da esta\u00e7\u00e3o com o item que queria.<\/p>\n<p>Uma central multimidia que tem entrada de video e agora repete a tela do IC7000 na altura do volante deixando bem mais facil a visualiza\u00e7\u00e3o do display.<\/p>\n<p><a href=\"http:\/\/py1yb.com\/wp-content\/uploads\/2010\/09\/12.jpg\"><img loading=\"lazy\" class=\"aligncenter size-medium wp-image-1325\" title=\"12\" src=\"http:\/\/py1yb.com\/wp-content\/uploads\/2010\/09\/12-300x200.jpg\" alt=\"\" width=\"300\" height=\"200\" srcset=\"https:\/\/py1yb.com\/wp-content\/uploads\/2010\/09\/12-300x200.jpg 300w, https:\/\/py1yb.com\/wp-content\/uploads\/2010\/09\/12.jpg 1024w\" sizes=\"(max-width: 300px) 100vw, 300px\" \/><\/a><\/p>\n<hr \/>\n<p>Ai est\u00e1, 7&#8243; de video pra enxergar melhor onde estou..<\/p>\n<p><a href=\"http:\/\/py1yb.com\/wp-content\/uploads\/2010\/09\/15.jpg\"><img loading=\"lazy\" class=\"aligncenter size-medium wp-image-1326\" title=\"15\" src=\"http:\/\/py1yb.com\/wp-content\/uploads\/2010\/09\/15-200x300.jpg\" alt=\"\" width=\"200\" height=\"300\" srcset=\"https:\/\/py1yb.com\/wp-content\/uploads\/2010\/09\/15-200x300.jpg 200w, https:\/\/py1yb.com\/wp-content\/uploads\/2010\/09\/15.jpg 683w\" sizes=\"(max-width: 200px) 100vw, 200px\" \/><\/a><\/p>\n<hr \/>\n<p>E alem de monitorar o IC7000, ainda temos FM\/AM, GPS, CD\/DVD, CAMERA DE R\u00c9, BLUETOOTH PARA O CELULAR, e TV do IC7000..<\/p>\n<p><a href=\"http:\/\/py1yb.com\/wp-content\/uploads\/2010\/09\/21.jpg\"><img loading=\"lazy\" class=\"aligncenter size-medium wp-image-1327\" title=\"21\" src=\"http:\/\/py1yb.com\/wp-content\/uploads\/2010\/09\/21-200x300.jpg\" alt=\"\" width=\"200\" height=\"300\" srcset=\"https:\/\/py1yb.com\/wp-content\/uploads\/2010\/09\/21-200x300.jpg 200w, https:\/\/py1yb.com\/wp-content\/uploads\/2010\/09\/21.jpg 683w\" sizes=\"(max-width: 200px) 100vw, 200px\" \/><\/a><\/p>\n<hr \/>\n<p>E quando a propaga\u00e7\u00e3o fechar&#8230;<\/p>\n<p><a href=\"http:\/\/py1yb.com\/wp-content\/uploads\/2010\/09\/29.jpg\"><img loading=\"lazy\" class=\"aligncenter size-medium wp-image-1328\" title=\"29\" src=\"http:\/\/py1yb.com\/wp-content\/uploads\/2010\/09\/29-300x200.jpg\" alt=\"\" width=\"300\" height=\"200\" srcset=\"https:\/\/py1yb.com\/wp-content\/uploads\/2010\/09\/29-300x200.jpg 300w, https:\/\/py1yb.com\/wp-content\/uploads\/2010\/09\/29.jpg 1024w\" sizes=\"(max-width: 300px) 100vw, 300px\" \/><\/a><\/p>\n<hr \/>\n<p>Assim finalizamos a nossa instala\u00e7\u00e3o movel&#8230;<\/p>\n<p>PY1YB, movel de 80 a 6 M, 144, 440&#8230;&#8230;&#8230;.<\/p>\n","protected":false},"excerpt":{"rendered":"<p>Devido as minhas atividades, atendimentos aos clientes etc, ando muito pelo Rio e tambem viajo com frequencia. Nada melhor que ter uma esta\u00e7\u00e3o m\u00f3vel bem instalada e com bastante recursos para acompanhar e auxiliar nesses momentos. Minha esta\u00e7\u00e3o m\u00f3vel, consiste em um ICOM IC7000 com acoplador AH-4, antenas para HF\u00a0e uma antena Comet B10 para [&hellip;]<\/p>\n","protected":false},"author":1,"featured_media":0,"parent":350,"menu_order":3,"comment_status":"open","ping_status":"open","template":"","meta":[],"_links":{"self":[{"href":"https:\/\/py1yb.com\/index.php?rest_route=\/wp\/v2\/pages\/1084"}],"collection":[{"href":"https:\/\/py1yb.com\/index.php?rest_route=\/wp\/v2\/pages"}],"about":[{"href":"https:\/\/py1yb.com\/index.php?rest_route=\/wp\/v2\/types\/page"}],"author":[{"embeddable":true,"href":"https:\/\/py1yb.com\/index.php?rest_route=\/wp\/v2\/users\/1"}],"replies":[{"embeddable":true,"href":"https:\/\/py1yb.com\/index.php?rest_route=%2Fwp%2Fv2%2Fcomments&post=1084"}],"version-history":[{"count":18,"href":"https:\/\/py1yb.com\/index.php?rest_route=\/wp\/v2\/pages\/1084\/revisions"}],"predecessor-version":[{"id":2292,"href":"https:\/\/py1yb.com\/index.php?rest_route=\/wp\/v2\/pages\/1084\/revisions\/2292"}],"up":[{"embeddable":true,"href":"https:\/\/py1yb.com\/index.php?rest_route=\/wp\/v2\/pages\/350"}],"wp:attachment":[{"href":"https:\/\/py1yb.com\/index.php?rest_route=%2Fwp%2Fv2%2Fmedia&parent=1084"}],"curies":[{"name":"wp","href":"https:\/\/api.w.org\/{rel}","templated":true}]}}